{"id":18787,"date":"2020-02-16T10:37:53","date_gmt":"2020-02-16T09:37:53","guid":{"rendered":"https:\/\/saki-gmbh.com\/agb\/"},"modified":"2023-12-22T17:33:16","modified_gmt":"2023-12-22T16:33:16","slug":"agb","status":"publish","type":"page","link":"https:\/\/sakifood.com\/ar\/agb\/","title":{"rendered":"\u0627\u0644\u0623\u062d\u0643\u0627\u0645 \u0648\u0627\u0644\u0634\u0631\u0648\u0637"},"content":{"rendered":"<p>&nbsp;<\/p>\n<section class=\"kc-elm kc-css-912066 kc_row\">\n<div class=\"kc-row-container kc-container\">\n<div class=\"kc-wrap-columns\">\n<div class=\"kc-elm kc-css-3595680 kc_col-sm-12 kc_column kc_col-sm-12\">\n<div class=\"kc-col-container\">\n<div class=\"kc-elm kc-css-2871403 kc_text_block\">\n<section class=\"kc-elm kc-css-2399941 kc_row\">\n<div class=\"kc-row-container kc-container\">\n<div class=\"kc-wrap-columns\">\n<div class=\"kc-elm kc-css-2938471 kc_col-sm-12 kc_column kc_col-sm-12\">\n<div class=\"kc-col-container\">\n<div class=\"kc-elm kc-css-1628720 kc_row kc_row_inner\">\n<div class=\"kc-elm kc-css-1953520 kc_col-sm-12 kc_column_inner kc_col-sm-12\">\n<div class=\"kc_wrapper kc-col-inner-container\">\n<div class=\"kc-elm kc-css-953669 kc_text_block\">\n<h4 style=\"text-align: justify;\">Allgemeine Gesch\u00e4ftsbedingungen der Firma SAKI GmbH Online<\/h4>\n<p>\u00a71 Geltung gegen\u00fcber Unternehmern und Begriffsdefinitionen<br \/>\n(1) Die nachfolgenden Allgemeinen Gesch\u00e4ftbedingungen gelten f\u00fcr alle Lieferungen zwischen uns und einem Verbraucher in ihrer zum Zeitpunkt der Bestellung g\u00fcltigen Fassung.<br \/>\n(2) \u201eVerbraucher\u201c in Sinne dieser Gesch\u00e4ftsbedingungen ist jede nat\u00fcrliche Person, die ein Rechtsgesch\u00e4ft zu einem Zwecke abschlie\u00dft, der weder ihrer gewerblichen noch ihrer selbst\u00e4ndigen beruflichen T\u00e4tigkeit zugerechnet werden kann.<br \/>\n\u00a72 Zustandekommen eines Vertrages, Speicherung des Vertragstextes<br \/>\n(1) Die folgenden Regelungen \u00fcber den Vertragsabschluss gelten f\u00fcr Bestellungen \u00fcber unseren Internetshop http:\/\/www.saki-gmbh.de .<br \/>\n(2) Im Falle des Vertragsschlusses kommt der Vertrag mit<\/p>\n<h4 style=\"text-align: justify;\"><\/h4>\n<h4 style=\"text-align: justify;\">SAKI GmbH<\/h4>\n<h4 style=\"text-align: justify;\">Registernummer HRB 82724<br \/>\nRegistergericht Amtsgericht Hamburg<\/h4>\n<h4 style=\"text-align: justify;\">Telefon:\u00a0 0049- (0) 40-21008783<\/h4>\n<h4 style=\"text-align: justify;\">Telefax:\u00a0 0049 &#8211; (0) 40-21008759<\/h4>\n<h4 style=\"text-align: justify;\">E-Mail:\u00a0\u00a0<a title=\"\" href=\"mailto:%20info@saki-gmbh.de\">info@saki-gmbh.de<\/a><br \/>\nzur Verf\u00fcgung.<\/h4>\n<\/div>\n<\/div>\n<\/div>\n<\/div>\n<\/div>\n<\/div>\n<\/div>\n<\/div>\n<\/section>\n<\/div>\n<\/div>\n<\/div>\n<\/div>\n<\/div>\n<\/section>\n","protected":false},"excerpt":{"rendered":"<p>&nbsp; Allgemeine Gesch\u00e4ftsbedingungen der Firma SAKI GmbH Online \u00a71 Geltung gegen\u00fcber Unternehmern und Begriffsdefinitionen (1) Die nachfolgenden Allgemeinen Gesch\u00e4ftbedingungen gelten<\/p>\n","protected":false},"author":1,"featured_media":0,"parent":0,"menu_order":0,"comment_status":"closed","ping_status":"closed","template":"","meta":{"_acf_changed":false,"footnotes":""},"class_list":["post-18787","page","type-page","status-publish","hentry"],"acf":[],"_links":{"self":[{"href":"https:\/\/sakifood.com\/ar\/wp-json\/wp\/v2\/pages\/18787","targetHints":{"allow":["GET"]}}],"collection":[{"href":"https:\/\/sakifood.com\/ar\/wp-json\/wp\/v2\/pages"}],"about":[{"href":"https:\/\/sakifood.com\/ar\/wp-json\/wp\/v2\/types\/page"}],"author":[{"embeddable":true,"href":"https:\/\/sakifood.com\/ar\/wp-json\/wp\/v2\/users\/1"}],"replies":[{"embeddable":true,"href":"https:\/\/sakifood.com\/ar\/wp-json\/wp\/v2\/comments?post=18787"}],"version-history":[{"count":0,"href":"https:\/\/sakifood.com\/ar\/wp-json\/wp\/v2\/pages\/18787\/revisions"}],"wp:attachment":[{"href":"https:\/\/sakifood.com\/ar\/wp-json\/wp\/v2\/media?parent=18787"}],"curies":[{"name":"wp","href":"https:\/\/api.w.org\/{rel}","templated":true}]}}