{"id":18791,"date":"2020-02-16T10:40:26","date_gmt":"2020-02-16T09:40:26","guid":{"rendered":"https:\/\/saki-gmbh.com\/widerruf\/"},"modified":"2023-12-22T17:39:58","modified_gmt":"2023-12-22T16:39:58","slug":"widerruf","status":"publish","type":"page","link":"https:\/\/sakifood.com\/ar\/widerruf\/","title":{"rendered":"\u0627\u0644\u063a\u0627\u0621 \u0627\u0644\u0634\u0631\u0627\u0621"},"content":{"rendered":"<style type=\"text\/css\"><\/style>\n<section class=\"kc-elm kc-css-374624 kc_row\">\n<div class=\"kc-row-container kc-container\">\n<div class=\"kc-wrap-columns\">\n<div class=\"kc-elm kc-css-2426849 kc_col-sm-12 kc_column kc_col-sm-12\">\n<div class=\"kc-col-container\">\n<div class=\"kc-elm kc-css-2641978 kc_text_block\">\n<style type=\"text\/css\">@media only screen and (min-width: 1000px) and (max-width: 5000px){body.kc-css-system .kc-css-4074288{width: 100%;}}<\/style>\n<section class=\"kc-elm kc-css-2252593 kc_row\">\n<div class=\"kc-row-container kc-container\">\n<div class=\"kc-wrap-columns\">\n<div class=\"kc-elm kc-css-2424078 kc_col-sm-12 kc_column kc_col-sm-12\">\n<div class=\"kc-col-container\">\n<div class=\"kc-elm kc-css-1229452 kc_row kc_row_inner\">\n<div class=\"kc-elm kc-css-4074288 kc_col-sm-12 kc_column_inner kc_col-sm-12\">\n<div class=\"kc_wrapper kc-col-inner-container\">\n<div class=\"kc-elm kc-css-3972774 kc_text_block\">\n<h4 style=\"text-align: justify;\">\u00a76 Widerrufsrecht<br \/>\nWiderrufsbelehrung<\/h4>\n<p>Widerrufsrecht<br \/>\nSie k\u00f6nnen Ihre Vertragserkl\u00e4rung innerhalb von 14 Tagen ohne Angabe von Gr\u00fcnden in Textform (z. B. Brief, Fax, E-Mail) oder \u2013 wenn Ihnen die Sache vor Fristablauf \u00fcberlassen wird \u2013 auch durch R\u00fccksendung der Sache widerrufen.<\/p>\n<h4 style=\"text-align: justify;\">Die Frist beginnt nach Erhalt dieser Belehrung in Textform, jedoch nicht vor Eingang der Ware beim Empf\u00e4nger (bei der wiederkehrenden Lieferung gleichartiger Waren nicht vor Eingang der ersten Teillieferung) und auch nicht vor Erf\u00fcllung unserer Informationspflichten gem\u00e4\u00df Artikel 246 \u00a7 2 in Verbindung mit \u00a7 1 Abs. 1 und 2 EGBGB sowie unserer Pflichten gem\u00e4\u00df \u00a7 312g Abs. 1 Satz 1 BGB in Verbindung mit Artikel 246 \u00a7 3 EGBGB. Zur Wahrung der Widerrufsfrist gen\u00fcgt die rechtzeitige Absendung des Widerrufs oder der Sache.<\/h4>\n<p style=\"text-align: justify;\"><em><strong>wir weisen Sie darauf hin, dass wir eine Retoure nur in der f\u00fcr die Zustellung genutzten Originalverpackung mit Originalaufkleber entgegennehmen k\u00f6nnen.<\/strong><\/em><\/p>\n<h4 style=\"text-align: justify;\">Der Widerruf ist zu richten an:<br \/>\nSAKI GmbH<br \/>\nE-Mail info@saki-gmbh.de<br \/>\nTelefax:<br \/>\nWiderrufsfolgen<\/h4>\n<p>Im Falle eines wirksamen Widerrufs sind die beiderseits empfangenen Leistungen zur\u00fcckzugew\u00e4hren und ggf. gezogene Nutzungen (z. B. Zinsen) herauszugeben. K\u00f6nnen Sie<br \/>\nuns die empfangene Leistung sowie Nutzungen (z. B. Gebrauchsvorteile) nicht oder teilweise nicht oder nur in verschlechtertem Zustand zur\u00fcckgew\u00e4hren beziehungsweise<br \/>\nherausgeben, m\u00fcssen Sie uns insoweit Wertersatz leisten. F\u00fcr die Verschlechterung der Sache und f\u00fcr gezogene Nutzungen m\u00fcssen Sie Wertersatz nur leisten, soweit die<br \/>\nNutzungen oder die Verschlechterung auf einen Umgang mit der Sache zur\u00fcckzuf\u00fchren ist, der \u00fcber die Pr\u00fcfung der Eigenschaften und der Funktionsweise hinausgeht. Unter<br \/>\n\u201ePr\u00fcfung der Eigenschaften und der Funktionsweise\u201c versteht man das Testen und Ausprobieren der jeweiligen Ware, wie es etwa im Ladengesch\u00e4ft m\u00f6glich und \u00fcblich ist.<br \/>\nPaketversandf\u00e4hige Sachen sind auf unsere Gefahr zur\u00fcckzusenden. Sie haben die regelm\u00e4\u00dfigen Kosten der R\u00fccksendung zu tragen, wenn die gelieferte Ware der bestellten<br \/>\nentspricht und wenn der Preis der zur\u00fcckzusendenden Sache einen Betrag von 40 Euro nicht \u00fcbersteigt oder wenn Sie bei einem h\u00f6heren Preis der Sache zum Zeitpunkt des<br \/>\nWiderrufs noch nicht die Gegenleistung oder eine vertraglich vereinbarte Teilzahlung erbracht haben. Anderenfalls ist die R\u00fccksendung f\u00fcr Sie kostenfrei. Nicht<br \/>\npaketversandf\u00e4hige Sachen werden bei Ihnen abgeholt. Verpflichtungen zur Erstattung von Zahlungen m\u00fcssen innerhalb von 30 Tagen erf\u00fcllt werden. Die Frist beginnt f\u00fcr<br \/>\nSie mit der Absendung Ihrer Widerrufserkl\u00e4rung oder der Sache, f\u00fcr uns mit deren Empfang.<br \/>\nFinanzierte Gesch\u00e4fte<br \/>\nHaben Sie diesen Vertrag durch ein Darlehen finanziert und widerrufen Sie den finanzierten Vertrag, sind Sie auch an den Darlehensvertrag nicht mehr gebunden, wenn<br \/>\nbeide Vertr\u00e4ge eine wirtschaftliche Einheit bilden. Dies ist insbesondere anzunehmen, wenn wir gleichzeitig Ihr Darlehensgeber sind oder wenn sich Ihr Darlehensgeber<br \/>\nim Hinblick auf die Finanzierung unserer Mitwirkung bedient. Wenn uns das Darlehen bei Wirksamwerden des Widerrufs oder der R\u00fcckgabe bereits zugeflossen ist, tritt Ihr<br \/>\nDarlehensgeber im Verh\u00e4ltnis zu Ihnen hinsichtlich der Rechtsfolgen des Widerrufs oder der R\u00fcckgabe in unsere Rechte und Pflichten aus dem finanzierten Vertrag ein.<br \/>\nLetzteres gilt nicht, wenn der vorliegende Vertrag den Erwerb von Wertpapieren, Devisen, Derivaten oder Edelmetallen zum Gegenstand hat.<br \/>\nWollen Sie eine vertragliche Bindung so weitgehend wie m\u00f6glich vermeiden, widerrufen Sie beide Vertragserkl\u00e4rungen gesondert.<br \/>\n****************************************************************************************************<br \/>\n\u00a710 Kundendienst<br \/>\nUnser Kundendienst f\u00fcr Fragen, Reklamationen und Beanstandungen steht Ihnen werktags von 9:00 Uhr bis 17:30 Uhr unter<\/p>\n<p>Telefon:\u00a0 0049- (0) 40-21008783<br \/>\nTelefax:\u00a0 0049 &#8211; (0) 40-21008759<br \/>\nE-Mail:\u00a0<a title=\"\" href=\"mailto:%20info@saki-gmbh.de\">info@saki-gmbh.de<\/a><br \/>\nzur Verf\u00fcgung.<\/p>\n<\/div>\n<\/div>\n<\/div>\n<\/div>\n<\/div>\n<\/div>\n<\/div>\n<\/div>\n<\/section>\n<\/div>\n<\/div>\n<\/div>\n<\/div>\n<\/div>\n<\/section>\n","protected":false},"excerpt":{"rendered":"<p>\u00a76 Widerrufsrecht Widerrufsbelehrung Widerrufsrecht Sie k\u00f6nnen Ihre Vertragserkl\u00e4rung innerhalb von 14 Tagen ohne Angabe von Gr\u00fcnden in Textform (z. B.<\/p>\n","protected":false},"author":1,"featured_media":0,"parent":0,"menu_order":0,"comment_status":"closed","ping_status":"closed","template":"","meta":{"_acf_changed":false,"footnotes":""},"class_list":["post-18791","page","type-page","status-publish","hentry"],"acf":[],"_links":{"self":[{"href":"https:\/\/sakifood.com\/ar\/wp-json\/wp\/v2\/pages\/18791","targetHints":{"allow":["GET"]}}],"collection":[{"href":"https:\/\/sakifood.com\/ar\/wp-json\/wp\/v2\/pages"}],"about":[{"href":"https:\/\/sakifood.com\/ar\/wp-json\/wp\/v2\/types\/page"}],"author":[{"embeddable":true,"href":"https:\/\/sakifood.com\/ar\/wp-json\/wp\/v2\/users\/1"}],"replies":[{"embeddable":true,"href":"https:\/\/sakifood.com\/ar\/wp-json\/wp\/v2\/comments?post=18791"}],"version-history":[{"count":0,"href":"https:\/\/sakifood.com\/ar\/wp-json\/wp\/v2\/pages\/18791\/revisions"}],"wp:attachment":[{"href":"https:\/\/sakifood.com\/ar\/wp-json\/wp\/v2\/media?parent=18791"}],"curies":[{"name":"wp","href":"https:\/\/api.w.org\/{rel}","templated":true}]}}