{"id":18794,"date":"2020-02-16T10:42:03","date_gmt":"2020-02-16T09:42:03","guid":{"rendered":"https:\/\/saki-gmbh.com\/zahlungsarten\/"},"modified":"2023-12-22T19:29:46","modified_gmt":"2023-12-22T18:29:46","slug":"zahlungsarten","status":"publish","type":"page","link":"https:\/\/sakifood.com\/ar\/zahlungsarten\/","title":{"rendered":"\u0623\u0646\u0648\u0627\u0639 \u0627\u0644\u062f\u0641\u0639"},"content":{"rendered":"<p>&nbsp;<\/p>\n<section class=\"kc-elm kc-css-442404 kc_row\">\n<div class=\"kc-row-container kc-container\">\n<div class=\"kc-wrap-columns\">\n<div class=\"kc-elm kc-css-510087 kc_col-sm-12 kc_column kc_col-sm-12\">\n<div class=\"kc-col-container\">\n<div class=\"kc-elm kc-css-820629 kc_text_block\">\n<section class=\"kc-elm kc-css-2002152 kc_row\">\n<div class=\"kc-row-container kc-container\">\n<div class=\"kc-wrap-columns\">\n<div class=\"kc-elm kc-css-3161935 kc_col-sm-12 kc_column kc_col-sm-12\">\n<div class=\"kc-col-container\">\n<div class=\"kc-elm kc-css-2687722 kc_row kc_row_inner\">\n<div class=\"kc-elm kc-css-4003756 kc_col-sm-12 kc_column_inner kc_col-sm-12\">\n<div class=\"kc_wrapper kc-col-inner-container\">\n<div class=\"kc-elm kc-css-4117990 kc_text_block\">\n<p style=\"text-align: justify;\">Wir bieten Ihnen folgende Zahlungsarten an. Suchen Sie sich einfach die f\u00fcr Sie optimale Zahlart aus. Die Versandkosten sind teilweise abh\u00e4ngig von der gew\u00e4hlten Zahlungsart.<\/p>\n<h3 style=\"text-align: justify;\">Vorkasse<\/h3>\n<p style=\"text-align: justify;\">Bitte \u00fcberweisen Sie den Gesamtbetrag Ihrer Bestellung auf unser Konto:<\/p>\n<p style=\"text-align: justify;\"><strong>Saki GmbH<\/strong><\/p>\n<p style=\"text-align: justify;\">Telefon: 0049- (0) 40-21008783<br \/>\nFax: 0049 &#8211; (0) 40-21008759<br \/>\nWeb:\u00a0<a title=\"\" href=\"http:\/\/www.saki-gmbh.de\/\" target=\"_blank\" rel=\"noopener\">www.saki-gmbh.de<\/a><br \/>\nE-Mail:\u00a0<a title=\"\" href=\"mailto:%20info@saki-gmbh.de\">info@saki-gmbh.de<\/a><\/p>\n<p style=\"text-align: justify;\">Zust\u00e4ndiges Finanzamt: Hamburg<br \/>\nSteuernummer: 46\/756\/00231<br \/>\nUSt.Id.: DE220848446<\/p>\n<p style=\"text-align: justify;\">Gesch\u00e4ftsf\u00fchrer: Masoud Saki<br \/>\nInhaber: Masoud Saki<br \/>\nZust\u00e4ndiges Gericht: Hamburg<br \/>\nHRB Nummer: 82724<\/p>\n<p style=\"text-align: justify;\">Kontoinhaber: Saki GmbH<br \/>\nKontonummer: 510838840<br \/>\nBLZ: 23051030<br \/>\nKreditinstitut: Sparkasse S\u00fcdholstein<br \/>\nBIC: NOLADE21SHO<br \/>\nIBAN: DE87230510300510838840<\/p>\n<h3 style=\"text-align: justify;\">Rechnung<\/h3>\n<p style=\"text-align: justify;\">Nur f\u00fcr Schulen, Beh\u00f6rden und im Handelsregister eingetragene Unternehmen nach Pr\u00fcfung.<\/p>\n<h3 style=\"text-align: justify;\">Nachnahme<\/h3>\n<p style=\"text-align: justify;\">Bitte halten Sie den Rechnungsbetrag bereit; der Zusteller kassiert bei Lieferung in bar (keine Schecks). Bei Nachnahme fallen zus\u00e4tzlich 2,&#8211; EUR Nachnahmegeb\u00fchren an, die direkt an den Paketzusteller zu entrichten sind.<\/p>\n<h3 style=\"text-align: justify;\">Lastschrift<\/h3>\n<p style=\"text-align: justify;\">Wir ziehen den Rechnungsbetrag Ihrer Bestellung von Ihrem hinterlegten Bankkonto nach der get\u00e4tigten Bestellung ein.<\/p>\n<h3 style=\"text-align: justify;\">Kreditkarte<\/h3>\n<p style=\"text-align: justify;\">Bitte geben Sie die richtige eingaben ein, die daten Ihre Kreditkarte werden vorher \u00fcberpr\u00fcft.<\/p>\n<\/div>\n<\/div>\n<\/div>\n<\/div>\n<\/div>\n<\/div>\n<\/div>\n<\/div>\n<\/section>\n<\/div>\n<\/div>\n<\/div>\n<\/div>\n<\/div>\n<\/section>\n","protected":false},"excerpt":{"rendered":"<p>&nbsp; Wir bieten Ihnen folgende Zahlungsarten an. Suchen Sie sich einfach die f\u00fcr Sie optimale Zahlart aus. Die Versandkosten sind<\/p>\n","protected":false},"author":1,"featured_media":0,"parent":0,"menu_order":0,"comment_status":"closed","ping_status":"closed","template":"","meta":{"_acf_changed":false,"footnotes":""},"class_list":["post-18794","page","type-page","status-publish","hentry"],"acf":[],"_links":{"self":[{"href":"https:\/\/sakifood.com\/ar\/wp-json\/wp\/v2\/pages\/18794","targetHints":{"allow":["GET"]}}],"collection":[{"href":"https:\/\/sakifood.com\/ar\/wp-json\/wp\/v2\/pages"}],"about":[{"href":"https:\/\/sakifood.com\/ar\/wp-json\/wp\/v2\/types\/page"}],"author":[{"embeddable":true,"href":"https:\/\/sakifood.com\/ar\/wp-json\/wp\/v2\/users\/1"}],"replies":[{"embeddable":true,"href":"https:\/\/sakifood.com\/ar\/wp-json\/wp\/v2\/comments?post=18794"}],"version-history":[{"count":0,"href":"https:\/\/sakifood.com\/ar\/wp-json\/wp\/v2\/pages\/18794\/revisions"}],"wp:attachment":[{"href":"https:\/\/sakifood.com\/ar\/wp-json\/wp\/v2\/media?parent=18794"}],"curies":[{"name":"wp","href":"https:\/\/api.w.org\/{rel}","templated":true}]}}