{"id":18799,"date":"2020-02-16T10:52:23","date_gmt":"2020-02-16T09:52:23","guid":{"rendered":"https:\/\/saki-gmbh.com\/impressum\/"},"modified":"2023-12-22T19:37:11","modified_gmt":"2023-12-22T18:37:11","slug":"impressum","status":"publish","type":"page","link":"https:\/\/sakifood.com\/ar\/impressum\/","title":{"rendered":"\u0645\u0639\u0644\u0648\u0645\u0629"},"content":{"rendered":"<p>&nbsp;<\/p>\n<section class=\"kc-elm kc-css-4054451 kc_row\">\n<div class=\"kc-row-container kc-container\">\n<div class=\"kc-wrap-columns\">\n<div class=\"kc-elm kc-css-1424180 kc_col-sm-12 kc_column kc_col-sm-12\">\n<div class=\"kc-col-container\">\n<div class=\"kc-elm kc-css-1200218 kc_text_block\">\n<section class=\"kc-elm kc-css-2032297 kc_row\">\n<div class=\"kc-row-container kc-container\">\n<div class=\"kc-wrap-columns\">\n<div class=\"kc-elm kc-css-3000463 kc_col-sm-12 kc_column kc_col-sm-12\">\n<div class=\"kc-col-container\">\n<div class=\"kc-elm kc-css-2655443 kc_row kc_row_inner\">\n<div class=\"kc-elm kc-css-212305 kc_col-sm-12 kc_column_inner kc_col-sm-12\">\n<div class=\"kc_wrapper kc-col-inner-container\">\n<div class=\"kc-elm kc-css-3875054 kc_text_block\">\n<h2 style=\"text-align: justify;\">Impressum<\/h2>\n<h3 style=\"text-align: justify;\">Saki GmbH<\/h3>\n<p>Deutschland<\/p>\n<p style=\"text-align: justify;\">Telefon: 0049- (0) 40-21008783<br \/>\nFax: 0049 &#8211; (0) 40-21008759<br \/>\nWeb:\u00a0<a title=\"\" href=\"http:\/\/www.saki-gmbh.de\/\" target=\"_blank\" rel=\"noopener\">www.saki-gmbh.de<\/a><br \/>\nE-Mail:\u00a0<a title=\"\" href=\"mailto:%20info@saki-gmbh.de\">info@saki-gmbh.de<\/a><\/p>\n<p style=\"text-align: justify;\">Gesch\u00e4ftsf\u00fchrer: Masoud Saki<br \/>\nInhaber: Masoud Saki<\/p>\n<p style=\"text-align: justify;\">Inhaltlich verantwortlich gem\u00e4\u00df \u00a7 5 TMG:<\/p>\n<p style=\"text-align: justify;\">Inhalt. Verantwortlicher: Masoud Saki<br \/>\nAdresse des inhalt. Verantwortlichen: Grossmann Str. 88 20539 Hamburg Deutschland<br \/>\nUSt.Id.: DE220848446<br \/>\nZust\u00e4ndiges Gericht: Hamburg<br \/>\nHRB Nummer: 82724<\/p>\n<p style=\"text-align: justify;\">\n<p style=\"text-align: justify;\">Zust\u00e4ndiges Finanzamt: Hamburg<br \/>\nSteuernummer: 46\/756\/00231<br \/>\nUSt.Id.: DE220848446<\/p>\n<p style=\"text-align: justify;\">\n<h3 style=\"text-align: justify;\">Bankverbindung<\/h3>\n<p style=\"text-align: justify;\">Kontoinhaber: Saki GmbH<br \/>\nKontonummer: 510838840<br \/>\nBLZ: 23051030<br \/>\nKreditinstitut: Sparkasse S\u00fcdholstein<br \/>\nBIC: NOLADE21SHO<br \/>\nIBAN: DE87230510300510838840<\/p>\n<p style=\"text-align: justify;\">\n<p style=\"text-align: justify;\">\n<p style=\"text-align: justify;\">Sie erreichen unseren Kundendienst f\u00fcr Fragen Reklamationen und Beanstandungen unter Telefon: 0049- (0) 40-21008783 sowie per Email unter\u00a0<a href=\"mailto:%20info@saki-gmbh.de\">info@saki-gmbh.de<\/a>. F\u00fcr Anfragen k\u00f6nnen Sie auch das Kontaktformular auf unserer Internetseite nutzen.<\/p>\n<h3 style=\"text-align: justify;\">Disclaimer<\/h3>\n<p style=\"text-align: justify;\">Bei direkten oder indirekten Verweisen auf fremde Webseiten (&#8220;Hyperlinks&#8221;), die au\u00dferhalb des Verantwortungsbereiches des Autors liegen, w\u00fcrde eine Haftungsverpflichtung ausschlie\u00dflich in dem Fall in Kraft treten, in dem der Autor von den Inhalten Kenntnis hat und es ihm technisch m\u00f6glich und zumutbar w\u00e4re, die Nutzung im Falle rechtswidriger Inhalte zu verhindern. Der Autor erkl\u00e4rt hiermit ausdr\u00fccklich, dass zum Zeitpunkt der Linksetzung keine illegalen Inhalte auf den zu verlinkenden Seiten erkennbar waren. Auf die aktuelle und zuk\u00fcnftige Gestaltung, die Inhalte oder die Urheberschaft der verlinkten\/verkn\u00fcpften Seiten hat der Autor keinerlei Einfluss. Deshalb distanziert er sich hiermit ausdr\u00fccklich von allen Inhalten aller verlinkten \/verkn\u00fcpften Seiten, die nach der Linksetzung ver\u00e4ndert wurden. Diese Feststellung gilt f\u00fcr alle innerhalb des eigenen Internetangebotes gesetzten Links und Verweise sowie f\u00fcr Fremdeintr\u00e4ge in vom Autor eingerichteten G\u00e4steb\u00fcchern, Diskussionsforen, Linkverzeichnissen, Mailinglisten und in allen anderen Formen von Datenbanken, auf deren Inhalt externe Schreibzugriffe m\u00f6glich sind. F\u00fcr illegale, fehlerhafte oder unvollst\u00e4ndige Inhalte und insbesondere f\u00fcr Sch\u00e4den, die aus der Nutzung oder Nichtnutzung solcherart dargebotener Informationen entstehen, haftet allein der Anbieter der Seite, auf welche verwiesen wurde, nicht derjenige, der \u00fcber Links auf die jeweilige Ver\u00f6ffentlichung lediglich verweist.<\/p>\n<h3 style=\"text-align: justify;\">Urheber- und Kennzeichenrecht<\/h3>\n<p style=\"text-align: justify;\">Der Autor ist bestrebt, in allen Publikationen die Urheberrechte der verwendeten Bilder, Grafiken, Tondokumente, Videosequenzen und Texte zu beachten, von ihm selbst erstellte Bilder, Grafiken, Tondokumente, Videosequenzen und Texte zu nutzen oder auf lizenzfreie Grafiken, Tondokumente, Videosequenzen und Texte zur\u00fcckzugreifen. Alle innerhalb des Internetangebotes genannten und ggf. durch Dritte gesch\u00fctzten Marken- und Warenzeichen unterliegen uneingeschr\u00e4nkt den Bestimmungen des jeweils g\u00fcltigen Kennzeichenrechts und den Besitzrechten der jeweiligen eingetragenen Eigent\u00fcmer. Allein aufgrund der blo\u00dfen Nennung ist nicht der Schluss zu ziehen, dass Markenzeichen nicht durch Rechte Dritter gesch\u00fctzt sind! Das Copyright f\u00fcr ver\u00f6ffentlichte, vom Autor selbst erstellte Objekte bleibt allein beim Autor der Seiten. Eine Vervielf\u00e4ltigung oder Verwendung solcher Grafiken, Tondokumente, Videosequenzen und Texte in anderen elektronischen oder gedruckten Publikationen ist ohne ausdr\u00fcckliche Zustimmung des Autors nicht gestattet.<\/p>\n<\/div>\n<\/div>\n<\/div>\n<\/div>\n<\/div>\n<\/div>\n<\/div>\n<\/div>\n<\/section>\n<\/div>\n<\/div>\n<\/div>\n<\/div>\n<\/div>\n<\/section>\n","protected":false},"excerpt":{"rendered":"<p>&nbsp; Impressum Saki GmbH Deutschland Telefon: 0049- (0) 40-21008783 Fax: 0049 &#8211; (0) 40-21008759 Web:\u00a0www.saki-gmbh.de E-Mail:\u00a0info@saki-gmbh.de Gesch\u00e4ftsf\u00fchrer: Masoud Saki Inhaber:<\/p>\n","protected":false},"author":1,"featured_media":0,"parent":0,"menu_order":0,"comment_status":"closed","ping_status":"closed","template":"","meta":{"_acf_changed":false,"footnotes":""},"class_list":["post-18799","page","type-page","status-publish","hentry"],"acf":[],"_links":{"self":[{"href":"https:\/\/sakifood.com\/ar\/wp-json\/wp\/v2\/pages\/18799","targetHints":{"allow":["GET"]}}],"collection":[{"href":"https:\/\/sakifood.com\/ar\/wp-json\/wp\/v2\/pages"}],"about":[{"href":"https:\/\/sakifood.com\/ar\/wp-json\/wp\/v2\/types\/page"}],"author":[{"embeddable":true,"href":"https:\/\/sakifood.com\/ar\/wp-json\/wp\/v2\/users\/1"}],"replies":[{"embeddable":true,"href":"https:\/\/sakifood.com\/ar\/wp-json\/wp\/v2\/comments?post=18799"}],"version-history":[{"count":0,"href":"https:\/\/sakifood.com\/ar\/wp-json\/wp\/v2\/pages\/18799\/revisions"}],"wp:attachment":[{"href":"https:\/\/sakifood.com\/ar\/wp-json\/wp\/v2\/media?parent=18799"}],"curies":[{"name":"wp","href":"https:\/\/api.w.org\/{rel}","templated":true}]}}