{"id":18801,"date":"2020-02-16T10:53:13","date_gmt":"2020-02-16T09:53:13","guid":{"rendered":"https:\/\/saki-gmbh.com\/bestellvorgang\/"},"modified":"2023-12-22T19:39:52","modified_gmt":"2023-12-22T18:39:52","slug":"bestellvorgang","status":"publish","type":"page","link":"https:\/\/sakifood.com\/ar\/bestellvorgang\/","title":{"rendered":"\u062a\u0633\u062c\u064a\u0644 \u0637\u0644\u0628 \u0634\u0631\u0627\u0621"},"content":{"rendered":"<p>&nbsp;<\/p>\n<section class=\"kc-elm kc-css-474354 kc_row\">\n<div class=\"kc-row-container kc-container\">\n<div class=\"kc-wrap-columns\">\n<div class=\"kc-elm kc-css-2145487 kc_col-sm-12 kc_column kc_col-sm-12\">\n<div class=\"kc-col-container\">\n<div class=\"kc-elm kc-css-3605228 kc_text_block\">\n<section class=\"kc-elm kc-css-4271111 kc_row\">\n<div class=\"kc-row-container kc-container\">\n<div class=\"kc-wrap-columns\">\n<div class=\"kc-elm kc-css-1077393 kc_col-sm-12 kc_column kc_col-sm-12\">\n<div class=\"kc-col-container\">\n<div class=\"kc-elm kc-css-818065 kc_row kc_row_inner\">\n<div class=\"kc-elm kc-css-557404 kc_col-sm-12 kc_column_inner kc_col-sm-12\">\n<div class=\"kc_wrapper kc-col-inner-container\">\n<div class=\"kc-elm kc-css-1523210 kc_text_block\">\n<p style=\"text-align: justify;\">Bestellvorgang, einfach und bequem bestellen<\/p>\n<h3 style=\"text-align: justify;\">Wie kann ich bei Saki GmbH bestellen?<\/h3>\n<h4 style=\"text-align: justify;\">1. Warenkorb<\/h4>\n<p style=\"text-align: justify;\">W\u00e4hlen Sie die Produkte aus, die Sie bestellen m\u00f6chten, indem Sie den &#8220;In den Warenkorb&#8221; Button anklicken. Dadurch wird Ihre Auswahl in den Warenkorb gelegt. Sie k\u00f6nnen diese Auswahl bis zum Absenden Ihrer Bestellung jederzeit \u00e4ndern, in dem Sie die Anzahl der Produkte \u00e4ndern, durch Anklicken des K\u00e4stchens &#8220;Entfernen&#8221; die Auswahl l\u00f6schen oder den Bestellvorgang abbrechen. Durch Anklicken des Buttons &#8220;Kasse&#8221; gelangen Sie zum n\u00e4chsten Bestellschritt.<\/p>\n<h4 style=\"text-align: justify;\">2. Kasse<\/h4>\n<p style=\"text-align: justify;\">Melden Sie sich bitte mit Ihrer eMail Adresse und Ihrem Passwort an falls Sie bereits ein Kundenkonto besitzen, ansonsten registrieren Sie sich bitte als neuer Kunde. Ihre Daten werden unter Beachtung der datenschutzrechtlichen Bestimmungen erhoben, verarbeitet und genutzt (<a href=\"http:\/\/www.saki-gmbh.de\/datenschutz\/\" target=\"_blank\" rel=\"noopener\">Datenschutzhinweis<\/a>). Eine anderweitige Verwendung oder Weitergabe an Dritte erfolgt nicht. Sind Sie bereits angemeldet, k\u00f6nnen Sie nun die Versandart ausw\u00e4hlen. Durch klicken des Buttons &#8220;Weiter&#8221; gelangen Sie zum n\u00e4chsten Bestellschritt.<\/p>\n<h4 style=\"text-align: justify;\">3. Rechnungsadresse pr\u00fcfen \/ Zahlungsweise ausw\u00e4hlen<\/h4>\n<p style=\"text-align: justify;\">\u00dcberpr\u00fcfen Sie nun Ihre Rechnungsadresse und geben Sie Ihre gew\u00fcnschte\u00a0<a href=\"http:\/\/www.saki-gmbh.de\/zahlung\/\" target=\"_blank\" rel=\"noopener\">Zahlungsweise<\/a>\u00a0an. Durch Klicken des Buttons &#8220;Weiter&#8221; gelangen Sie zum n\u00e4chsten Bestellschritt.<\/p>\n<h4 style=\"text-align: justify;\">4. Versandadresse pr\u00fcfen \/ Versandart ausw\u00e4hlen<\/h4>\n<p style=\"text-align: justify;\">\u00dcberpr\u00fcfen Sie nun Ihre Versandadresse und geben Sie Ihre gew\u00fcnschte\u00a0<a href=\"http:\/\/www.saki-gmbh.de\/lieferung\/\" target=\"_blank\" rel=\"noopener\">Versandart<\/a>\u00a0an. Durch Klicken des Buttons &#8220;Weiter&#8221; gelangen Sie zum n\u00e4chsten Bestellschritt.<\/p>\n<h4 style=\"text-align: justify;\">5. Bestellvorgang abschlie\u00dfen \/ AGB und Datenschutz<\/h4>\n<p style=\"text-align: justify;\">Sie erhalten eine \u00dcbersicht Ihrer\u00a0<a href=\"https:\/\/www.saki-gmbh.de\/grosshandel-persische-lebensmittel\" target=\"_blank\" rel=\"noopener\">Bestellung<\/a>: die ausgew\u00e4hlten Produkte, die Versand- und Rechnungsadresse und Ihre Kontaktdaten. \u00dcberpr\u00fcfen Sie, ob alle Angaben stimmen und lesen sich bitte die\u00a0<a href=\"http:\/\/www.saki-gmbh.de\/agb\/\" target=\"_blank\" rel=\"noopener\">Allgemeinen Gesch\u00e4ftsbedingungen<\/a>\u00a0und die\u00a0<a href=\"http:\/\/www.saki-gmbh.de\/widerruf\/\" target=\"_blank\" rel=\"noopener\">Widerrufsbelehrung<\/a>\u00a0aufmerksam durch. Sie k\u00f6nnen mit der Bestellung nur fortfahren, wenn Sie den AGB und der Widerrufsbelehrung zustimmen (H\u00e4kchen setzen). Mit dem Anklicken des Buttons &#8220;Jetzt kaufen&#8221; \u00fcbersenden Sie Ihre Bestellung an uns. Hiermit geben Sie ein rechtsverbindliches Angebot ab.<\/p>\n<h4 style=\"text-align: justify;\">Widerrufsrecht f\u00fcr Verbraucher<\/h4>\n<p style=\"text-align: justify;\">Alle Informationen zum\u00a0<a href=\"http:\/\/www.saki-gmbh.de\/agb#widerruf\/\" target=\"_blank\" rel=\"noopener\">Widerrufsrecht<\/a><\/p>\n<\/div>\n<\/div>\n<\/div>\n<\/div>\n<\/div>\n<\/div>\n<\/div>\n<\/div>\n<\/section>\n<\/div>\n<\/div>\n<\/div>\n<\/div>\n<\/div>\n<\/section>\n","protected":false},"excerpt":{"rendered":"<p>&nbsp; Bestellvorgang, einfach und bequem bestellen Wie kann ich bei Saki GmbH bestellen? 1. Warenkorb W\u00e4hlen Sie die Produkte aus,<\/p>\n","protected":false},"author":1,"featured_media":0,"parent":0,"menu_order":0,"comment_status":"closed","ping_status":"closed","template":"","meta":{"_acf_changed":false,"footnotes":""},"class_list":["post-18801","page","type-page","status-publish","hentry"],"acf":[],"_links":{"self":[{"href":"https:\/\/sakifood.com\/ar\/wp-json\/wp\/v2\/pages\/18801","targetHints":{"allow":["GET"]}}],"collection":[{"href":"https:\/\/sakifood.com\/ar\/wp-json\/wp\/v2\/pages"}],"about":[{"href":"https:\/\/sakifood.com\/ar\/wp-json\/wp\/v2\/types\/page"}],"author":[{"embeddable":true,"href":"https:\/\/sakifood.com\/ar\/wp-json\/wp\/v2\/users\/1"}],"replies":[{"embeddable":true,"href":"https:\/\/sakifood.com\/ar\/wp-json\/wp\/v2\/comments?post=18801"}],"version-history":[{"count":0,"href":"https:\/\/sakifood.com\/ar\/wp-json\/wp\/v2\/pages\/18801\/revisions"}],"wp:attachment":[{"href":"https:\/\/sakifood.com\/ar\/wp-json\/wp\/v2\/media?parent=18801"}],"curies":[{"name":"wp","href":"https:\/\/api.w.org\/{rel}","templated":true}]}}