{"id":18803,"date":"2020-02-16T11:10:40","date_gmt":"2020-02-16T10:10:40","guid":{"rendered":"https:\/\/saki-gmbh.com\/datenschutz\/"},"modified":"2023-12-22T19:40:55","modified_gmt":"2023-12-22T18:40:55","slug":"datenschutz","status":"publish","type":"page","link":"https:\/\/sakifood.com\/ar\/datenschutz\/","title":{"rendered":"\u062e\u0635\u0648\u0635\u064a\u0629"},"content":{"rendered":"<style type=\"text\/css\"><\/style>\n<section class=\"kc-elm kc-css-3823024 kc_row\">\n<div class=\"kc-row-container kc-container\">\n<div class=\"kc-wrap-columns\">\n<div class=\"kc-elm kc-css-2278745 kc_col-sm-12 kc_column kc_col-sm-12\">\n<div class=\"kc-col-container\">\n<div class=\"kc-elm kc-css-1200370 kc_text_block\">\n<style type=\"text\/css\">@media only screen and (min-width: 1000px) and (max-width: 5000px){body.kc-css-system .kc-css-476525{width: 100%;}}<\/style>\n<section class=\"kc-elm kc-css-1545136 kc_row\">\n<div class=\"kc-row-container kc-container\">\n<div class=\"kc-wrap-columns\">\n<div class=\"kc-elm kc-css-897325 kc_col-sm-12 kc_column kc_col-sm-12\">\n<div class=\"kc-col-container\">\n<div class=\"kc-elm kc-css-2960562 kc_row kc_row_inner\">\n<div class=\"kc-elm kc-css-476525 kc_col-sm-12 kc_column_inner kc_col-sm-12\">\n<div class=\"kc_wrapper kc-col-inner-container\">\n<div class=\"kc-elm kc-css-2245018 kc_text_block\">\n<h3 style=\"text-align: justify;\">Datenschutzerkl\u00e4rung<\/h3>\n<p style=\"text-align: justify;\">Vielen Dank f\u00fcr Ihr Interesse an unserem Onlineauftritt. Der Schutz Ihrer pers\u00f6nlichen Daten liegt uns sehr am Herzen. An dieser Stelle m\u00f6chten wir Sie daher \u00fcber den Datenschutz in unserem Unternehmen informieren. Selbstverst\u00e4ndlich beachten wir die gesetzlichen Bestimmungen des Datenschutzgesetzes (BDSG) des Telemediengesetzes (TMG) und anderer datenschutzrechtlicher Bestimmungen.<\/p>\n<p style=\"text-align: justify;\">Bei Ihren pers\u00f6nlichen Daten k\u00f6nnen Sie uns vertrauen! Sie werden durch digitale Sicherheitssysteme verschl\u00fcsselt und an uns \u00fcbertragen. Unsere Webseiten sind durch technische Ma\u00dfnahmen gegen Besch\u00e4digungen, Zerst\u00f6rung oder unberechtigten Zugriff gesch\u00fctzt.<\/p>\n<h3 style=\"text-align: justify;\">Gegenstand des Datenschutzes<\/h3>\n<p style=\"text-align: justify;\">Gegenstand des Datenschutzes sind personenbezogene Daten. Diese sind nach \u00a7 3 Abs. 1 BDSG Einzelangaben \u00fcber pers\u00f6nlich oder sachliche Verh\u00e4ltnisse einer bestimmten oder bestimmbaren nat\u00fcrlichen Person. Hierunter fallen z. B. Angaben wie Name, Post-Adresse, E-Mail-Adresse oder Telefonnummer, ggf. aber auch Nutzungsdaten wie Ihre IP-Adresse.<\/p>\n<h3 style=\"text-align: justify;\">Allgemeiner Datenschutzhinweis<\/h3>\n<p style=\"text-align: justify;\">(1) Wenn Sie auf den Internet-Auftritt der &#8230; (Firma) aufrufen oder Daten von diesen Seiten herunterladen, werden hier\u00fcber Informationen von uns in einer Protokolldatei gespeichert und verarbeitet. Dieser Vorgang erfolgt anonymisiert. R\u00fcckschl\u00fcsse auf Ihre Person sind nicht m\u00f6glich.<\/p>\n<p style=\"text-align: justify;\">(2) Gespeichert werden: Ihre IP-Adresse, das Datum und die Uhrzeit des Seitenaufrufs, die aufgerufene Seite bzw. der Name der abgerufenen Datei, die \u00fcbertragene Datenmenge und die Meldung, ob der Zugriff\/Abruf erfolgreich war.<\/p>\n<p style=\"text-align: justify;\">(3) Diese Daten werden nicht zu kommerziellen Zwecken genutzt. Die Auswertung dient allein der statistischen Aufbereitung und Verbesserung unseres Internet-Angebots. Hierzu werden wir Nutzerprofile mittels eines Pseudonyms erstellen. Eine Verbindung zwischen der hinter dem Pseudonym stehenden Person mit den erhobenen Nutzungsdaten wird nicht hergestellt. Nach dieser Verwendung erfolgt die L\u00f6schung Ihrer Daten. Eine dauerhafte Speicherung ist ausgeschlossen. Sie k\u00f6nnen dieser Datenerhebung, -speicherung und \u2013verarbeitung jederzeit widersprechen.<\/p>\n<p style=\"text-align: justify;\">(4) Ihre Daten werden ausschlie\u00dflich von uns verwendet. Eine Weitergabe an Dritte erfolgt nicht. (Ggf.: Die Verarbeitung zur Analyse des Nutzerverhaltens erfolgt in Ort, Staat, einem Staat au\u00dferhalb des Anwendungsbereiches der Richtlinie 95\/46\/EG durch die &#8230; (Bsp. Firma Google Analytics). Der Nutzung und Verarbeitung k\u00f6nnen Sie durch Benutzung des Deaktivierungs-Add-On (http:\/\/tools.google.com\/dlpage\/gaoptout?hl=de) widersprechen.<\/p>\n<p style=\"text-align: justify;\">(5) Zur Datenerhebung und Speicherung setzen wir auch sogenannte Cookies ein. Cookies sind kleine Datenpakete, die Ihr Browser auf unsere Veranlassung in Ihrem Endger\u00e4t speichert. Dort richten sie keinen Schaden an. Sie enthalten keine Viren und erlauben uns nicht, Sie auszusp\u00e4hen. Verwendung finden dabei zwei Arten von Cookies. Tempor\u00e4re Cookies werden mit dem Schlie\u00dfen Ihres Browsers automatisch gel\u00f6scht (Session-Cookies). Dauerhafte Cookies haben demgegen\u00fcber eine maximale Lebensdauer von bis zu &#8230; (Zeitraum). Diese Art von Cookies erm\u00f6glicht es, dass sie beim Wiederaufruf nach Verlassen der Website wiedererkannt werden. Mithilfe der Cookies ist es uns m\u00f6glich, Ihr Nutzungsverhalten zu oben genannten Zwecken und in entsprechendem Umfang nachzuvollziehen. Sie sollen Ihnen au\u00dferdem ein optimiertes Surfen auf unserer Website erm\u00f6glichen. Auch diese Daten erheben wir nur in anonymisierte bzw. pseudonomisierter Form. Sie k\u00f6nnen Ihren Internetbrowser so einstellen, dass unsere Cookies nicht auf Ihrem Endger\u00e4t ablegt werden k\u00f6nnen oder bereits abgelegte Cookies gel\u00f6scht werden. Hierzu k\u00f6nnen Sie die Opt-out-Funktion folgender Programme nutzen: &#8230;<\/p>\n<h3 style=\"text-align: justify;\">Umfang der Datenerhebung und -speicherung<\/h3>\n<p style=\"text-align: justify;\">Im Allgemeinen ist es f\u00fcr die Nutzung unserer Internetseite nicht erforderlich, dass Sie personenbezogene Daten angeben. Damit wir unsere Dienstleistungen aber tats\u00e4chlich erbringen k\u00f6nnen, ben\u00f6tigen wir ggf. Ihre personenbezogenen Daten. Dies gilt sowohl bei der Zusendung von Informationsmaterial oder bestellter Ware sowie auch f\u00fcr die Beantwortung individueller Anfragen.<\/p>\n<p style=\"text-align: justify;\">Wenn Sie uns mit der Erbringung einer Dienstleistung oder der Zusendung von Ware beauftragen, erheben und speichern wir Ihre pers\u00f6nlichen Daten grunds\u00e4tzlich nur, soweit es f\u00fcr die Erbringung der Dienstleistung oder die Durchf\u00fchrung des Vertrages notwendig ist. Dazu kann es erforderlich sein, Ihre pers\u00f6nlichen Daten an Unternehmen weiterzugeben, die wir zur Erbringung der Dienstleistung oder zur Vertragsabwicklung einsetzen. Dies sind z. B. Transportunternehmen oder andere Service-Dienste. Falls wir eine der nachfolgend beschriebenen oder sonstigen Handlungen vornehmen oder Leistungen erbringen, m\u00f6chten wir Ihre personenbezogenen Daten erheben und speichern und werden Sie an der entsprechenden Stelle unserer Internetseite um Ihre ausdr\u00fcckliche Einwilligung ersuchen:<\/p>\n<p>&#8211; Zusendung de Newsletters<br \/>\n&#8211; Gewinnspielteilnahme<br \/>\nBonit\u00e4ts- oder Alterspr\u00fcfung zur Erm\u00f6glichung unser Leistungen oder<br \/>\n&#8211; Zahlungsmethoden<br \/>\nPersonalisierung unserer Webseite<br \/>\n&#8211; weitere Dienste und Angebote, f\u00fcr deren Datenerhebung Ihre ausdr\u00fcckliche Einwilligung erforderlich ist.<\/p>\n<p style=\"text-align: justify;\">Nach vollst\u00e4ndiger Vertragsabwicklung werden Ihre Daten gesperrt und nach Ablauf der steuer- und handelsrechtlichen Vorschriften gel\u00f6scht, sofern Sie nicht ausdr\u00fccklich einer dar\u00fcber hinausgehende Datenverwendung zugestimmt haben.<\/p>\n<p style=\"text-align: justify;\">Wenn Sie sich mit Ihrer E-Mail-Adresse f\u00fcr unseren Newsletter angemeldet haben, nutzen wir Ihre E-Mail-Adresse auch \u00fcber die Vertragsdurchf\u00fchrung hinaus f\u00fcr eigene Werbezwecke, bis Sie sich vom Newsletter-Bezug abmelden.<\/p>\n<h3 style=\"text-align: justify;\">Daten-Erhebung durch Nutzung von Google-Analytics<\/h3>\n<p style=\"text-align: justify;\">Unsere Webseite benutzt Google-Analytics, einen Webanalysedienst, der Google inc. Google-Analytics verwendet sogenannte \u201eCookies\u201c. Dabei handelt es sich um Textdateien, die auf Ihrem Computer gespeichert werden und die eine Analyse ihrer Benutzung der Website erm\u00f6glicht. Erfasst werden beispielsweise Informationen zum Betriebssystem, zum Browser, Ihrer IP-Adresse, die von Ihnen zuvor aufgerufene Webseite (Referrer-URL) und Datum und Uhrzeit Ihres Besuchs auf unserer Webseite. Die durch diese Textdatei erzeugten Informationen \u00fcber die Benutzung unserer Webseite werden an einen Server von Google in den USA \u00fcbertragen und dort gespeichert. Google wird diese Information benutzen, um Ihre Nutzung unserer Webseite auszuwerten, um Reports \u00fcber die Webseitenaktivit\u00e4t f\u00fcr die Webseitenbetreiber zusammen zu stellen und um weitere mit der Webseitennutzung und der Internetnutzung verbundenen Dienstleistungen zu erbringen. Sofern dies gesetzlich vorgeschrieben ist oder soweit Dritte diese Daten im Auftrag von Google verarbeiten, wird Google diese Information auch an diese Dritten weitergeben. Diese Nutzung erfolgt anonymisiert oder pseudonymisiert. N\u00e4here Informationen dar\u00fcber finden Sie direkt bei Google\u00a0<a href=\"http:\/\/www.google.com\/intl\/de\/privacypolicy.html#information\" target=\"_blank\" rel=\"noopener\">http:\/\/www.google.com\/intl\/de\/privacypolicy.html#information<\/a><\/p>\n<p style=\"text-align: justify;\"><strong>Google benutzt das DoubleClick DART-Cookie<\/strong><br \/>\nNutzer k\u00f6nnen die Verwendung des DART-Cookies deaktivieren, indem sie die\u00a0<a href=\"http:\/\/www.google.de\/privacy_ads.html\" target=\"_blank\" rel=\"noopener\">Datenschutzbestimmungen des Werbenetzwerks und Content-Werbenetzwerks von Google<\/a>\u00a0aufrufen.<\/p>\n<p>Dabei werden keinerlei unmittelbare pers\u00f6nliche Daten des Nutzers gespeichert, sondern nur die Internetprotokoll\u2013Adresse. Diese Informationen dienen dazu, Sie bei Ihrem n\u00e4chsten Besuch auf unseren Websites automatisch wiederzuerkennen und Ihnen die Navigation zu erleichtern. Cookies erlauben es uns beispielsweise, eine Website Ihren Interessen anzupassen oder Ihr Kennwort zu speichern, damit Sie es nicht jedes Mal neu eingeben m\u00fcssen.<\/p>\n<p>Selbstverst\u00e4ndlich k\u00f6nnen Sie unsere Websites auch ohne Cookies betrachten. Wenn Sie nicht m\u00f6chten, dass wir Ihren Computer wiedererkennen, k\u00f6nnen Sie das Speichern von Cookies auf Ihrer Festplatte verhindern, indem Sie in Ihren Browser-Einstellungen &#8220;keine Cookies akzeptieren&#8221; w\u00e4hlen. Wie das im einzelnen funktioniert, entnehmen Sie bitte der Anleitung Ihres Browser-Herstellers. Wenn Sie keine Cookies akzeptieren, kann dieses aber zu Funktionseinschr\u00e4nkungen unserer Angebote f\u00fchren.<\/p>\n<p style=\"text-align: justify;\">Sie k\u00f6nnen die Installation der Cookies durch eine entsprechende Einstellung Ihres Internetsbenutzungsprogramms (Browser) verhindern. Dazu m\u00fcssen Sie in Ihrem Internet-Browser die Speicherung von Cookies ausschalten. N\u00e4here Informationen hierzu \u00fcbernehmen Sie bitte den Benutzungshinweisen Ihres Internet-Browsers.<\/p>\n<h3 style=\"text-align: justify;\">Erhebung und Speicherung von Nutzungsdaten<\/h3>\n<p style=\"text-align: justify;\">Zur Optimierung unserer Webseite sammeln und speichern wir Daten wie z. B. Datum und Uhrzeit des Seitenaufrufs, die Seite, von der Sie unsere Seite aufgerufen haben, und \u00e4hnliches. Dies erfolgt anonymisiert, ohne den Benutzer der Seite pers\u00f6nlich zu identifizieren. Ggf. werden Nutzerprofile mittels eines Pseudonyms erstellt. Auch hierbei erfolgt keine Verbindung zwischen der hinter dem Pseudonym stehenden nat\u00fcrlichen Personen mit den erhobenen Nutzungsdaten zur Erhebung und Speicherung der Nutzungsdaten setzen wir auch Cookies ein. Dabei handelt es sich um kleine Textdateien, die auf Ihrem Computer gespeichert werden und zur Speicherung von statistischen Information wie Betriebssystem, Ihrem Internetbenutzungsprogramm (Browser), IP-Adresse, der zuvor aufgerufene Webseite (Referrer-URL) und der Uhrzeit dienen. Diese Daten erheben wir ausschlie\u00dflich, zu statistischen Zwecken, um unseren Internetauftritt weiter zu optimieren und unsere Internetangebote noch attraktiver gestalten zu k\u00f6nnen. Die Erhebung und Speicherung erfolgt ausschlie\u00dflich in anonymisierter oder pseudonymisierter Form und l\u00e4sst keinen R\u00fcckschluss auf Sie als nat\u00fcrlich Person zu.<\/p>\n<h3 style=\"text-align: justify;\">Zweckgebundene Datenverwendung<\/h3>\n<p style=\"text-align: justify;\">Wir beachten den Grundsatz der zweckgebundenen Daten-Verwendung und erheben, verarbeiten und speichern Ihre personenbezogenen Daten nur f\u00fcr die Zwecke, f\u00fcr die Sie sie uns mitgeteilt haben. Eine Weitergabe Ihrer pers\u00f6nlichen Daten an Dritte erfolgt ohne Ihre ausdr\u00fcckliche Einwilligung nicht, sofern dies nicht zur Erbringung der Dienstleistung oder zur Vertragsdurchf\u00fchrung notwendig ist. Auch die \u00dcbermittlung an auskunftsberechtigte staatliche Institution und Beh\u00f6rden erfolgt nur im Rahmen der gesetzlichen Auskunftspflichten oder wenn wir durch eine gerichtliche Entscheidung zur Auskunft verpflichtet werden.<\/p>\n<p style=\"text-align: justify;\">Auch den unternehmensinternen Datenschutz nehmen wir sehr ernst. Unsere Mitarbeiter und die von uns beauftragten Dienstleistungsunternehmen sind von uns zur Verschwiegenheit und zur Einhaltung der datenschutzrechtlichen Bestimmungen verpflichtet worden.<\/p>\n<h3 style=\"text-align: justify;\">Auskunft- und Widerrufsrecht<\/h3>\n<p style=\"text-align: justify;\">Sie erhalten jederzeit ohne Angabe von Gr\u00fcnden kostenfrei Auskunft \u00fcber Ihre bei uns gespeicherten Daten. Sie k\u00f6nnen jederzeit Ihre bei uns erhobenen Daten sperren, berichtigen oder l\u00f6schen lassen. Auch k\u00f6nnen Sie jederzeit die uns erteilte Einwilligung zur Datenerhebung und Verwendung ohne Angaben von Gr\u00fcnden widerrufen. Wenden Sie sich hierzu bitte an die im Impressum angegebene Kontaktadresse. Wir stehen Ihnen jederzeit gern f\u00fcr weitergehende Fragen zu unserem Hinweisen zum Datenschutz und zur Verarbeitung Ihrer pers\u00f6nlichen Daten zur Verf\u00fcgung.<\/p>\n<\/div>\n<\/div>\n<\/div>\n<\/div>\n<\/div>\n<\/div>\n<\/div>\n<\/div>\n<\/section>\n<\/div>\n<\/div>\n<\/div>\n<\/div>\n<\/div>\n<\/section>\n","protected":false},"excerpt":{"rendered":"<p>Datenschutzerkl\u00e4rung Vielen Dank f\u00fcr Ihr Interesse an unserem Onlineauftritt. Der Schutz Ihrer pers\u00f6nlichen Daten liegt uns sehr am Herzen. An<\/p>\n","protected":false},"author":1,"featured_media":0,"parent":0,"menu_order":0,"comment_status":"closed","ping_status":"closed","template":"","meta":{"_acf_changed":false,"footnotes":""},"class_list":["post-18803","page","type-page","status-publish","hentry"],"acf":[],"_links":{"self":[{"href":"https:\/\/sakifood.com\/ar\/wp-json\/wp\/v2\/pages\/18803","targetHints":{"allow":["GET"]}}],"collection":[{"href":"https:\/\/sakifood.com\/ar\/wp-json\/wp\/v2\/pages"}],"about":[{"href":"https:\/\/sakifood.com\/ar\/wp-json\/wp\/v2\/types\/page"}],"author":[{"embeddable":true,"href":"https:\/\/sakifood.com\/ar\/wp-json\/wp\/v2\/users\/1"}],"replies":[{"embeddable":true,"href":"https:\/\/sakifood.com\/ar\/wp-json\/wp\/v2\/comments?post=18803"}],"version-history":[{"count":0,"href":"https:\/\/sakifood.com\/ar\/wp-json\/wp\/v2\/pages\/18803\/revisions"}],"wp:attachment":[{"href":"https:\/\/sakifood.com\/ar\/wp-json\/wp\/v2\/media?parent=18803"}],"curies":[{"name":"wp","href":"https:\/\/api.w.org\/{rel}","templated":true}]}}