{"id":12889,"date":"2021-10-13T10:01:17","date_gmt":"2021-10-13T08:01:17","guid":{"rendered":"https:\/\/saki-gmbh.com\/?post_type=product&#038;p=12889"},"modified":"2026-02-24T12:57:41","modified_gmt":"2026-02-24T11:57:41","slug":"nabat-saffron-khanum-khanuma-170g","status":"publish","type":"product","link":"https:\/\/sakifood.com\/ar\/product\/nabat-saffron-khanum-khanuma-170g\/","title":{"rendered":"Nabat Saffron Khanum khanuma 170g"},"content":{"rendered":"<p>Saki Gmbh Wholesale food vendor in Germany &#8211; Nabat Saffron<\/p>\n<p style=\"margin-top: 0in;background: white\"><b><span lang=\"DE\" style=\"font-size: 11.5pt;font-family: 'Helvetica',sans-serif;color: #1e2840\">Ob als Geschenkidee oder f\u00fcr den eigenen Verzehr \u2013 S\u00fc\u00dfes f\u00fcr Sie!<\/span><\/b><\/p>\n<p style=\"margin-top: 0in;background: white\"><span lang=\"DE\" style=\"font-size: 11.5pt;font-family: 'Helvetica',sans-serif;color: #1e2840\">Unsere angebotenen S\u00fc\u00dfwaren und Geb\u00e4ck-Spezialit\u00e4ten bieten sich auch als Geschenk f\u00fcr besondere Menschen oder als Mitbringsel zu einer Einladung an. Stellen Sie doch ein kleines Verw\u00f6hnpaket zusammen! Mit einem sch\u00f6nen Tee oder unseren Pasten und So\u00dfen haben Sie im Handumdrehen ein wundervolles Geschenk f\u00fcr Ihre Liebsten oder sich selbst. H\u00fcbsch verpackt, sorgen wir zudem mit unserem Service f\u00fcr eine p\u00fcnktliche Lieferung.<\/span><\/p>\n","protected":false},"excerpt":{"rendered":"<p>Saki Gmbh Wholesale food vendor in Germany &#8211; Nabat Saffron<\/p>\n","protected":false},"featured_media":12890,"comment_status":"closed","ping_status":"closed","template":"","meta":{"_acf_changed":false},"product_brand":[],"product_cat":[91],"product_tag":[283,507],"class_list":{"0":"post-12889","1":"product","2":"type-product","3":"status-publish","4":"has-post-thumbnail","6":"product_cat-desserts","7":"product_tag-candy","8":"product_tag-nabat","10":"first","11":"outofstock","12":"shipping-taxable","13":"purchasable","14":"product-type-simple"},"acf":[],"_links":{"self":[{"href":"https:\/\/sakifood.com\/ar\/wp-json\/wp\/v2\/product\/12889","targetHints":{"allow":["GET"]}}],"collection":[{"href":"https:\/\/sakifood.com\/ar\/wp-json\/wp\/v2\/product"}],"about":[{"href":"https:\/\/sakifood.com\/ar\/wp-json\/wp\/v2\/types\/product"}],"replies":[{"embeddable":true,"href":"https:\/\/sakifood.com\/ar\/wp-json\/wp\/v2\/comments?post=12889"}],"version-history":[{"count":1,"href":"https:\/\/sakifood.com\/ar\/wp-json\/wp\/v2\/product\/12889\/revisions"}],"predecessor-version":[{"id":24913,"href":"https:\/\/sakifood.com\/ar\/wp-json\/wp\/v2\/product\/12889\/revisions\/24913"}],"wp:featuredmedia":[{"embeddable":true,"href":"https:\/\/sakifood.com\/ar\/wp-json\/wp\/v2\/media\/12890"}],"wp:attachment":[{"href":"https:\/\/sakifood.com\/ar\/wp-json\/wp\/v2\/media?parent=12889"}],"wp:term":[{"taxonomy":"product_brand","embeddable":true,"href":"https:\/\/sakifood.com\/ar\/wp-json\/wp\/v2\/product_brand?post=12889"},{"taxonomy":"product_cat","embeddable":true,"href":"https:\/\/sakifood.com\/ar\/wp-json\/wp\/v2\/product_cat?post=12889"},{"taxonomy":"product_tag","embeddable":true,"href":"https:\/\/sakifood.com\/ar\/wp-json\/wp\/v2\/product_tag?post=12889"}],"curies":[{"name":"wp","href":"https:\/\/api.w.org\/{rel}","templated":true}]}}