{"id":2325,"date":"2025-11-12T07:51:06","date_gmt":"2025-11-12T06:51:06","guid":{"rendered":"http:\/\/saki.sajednobakht.ir\/?post_type=product&#038;p=2325"},"modified":"2026-03-06T13:15:37","modified_gmt":"2026-03-06T12:15:37","slug":"rice-hashemi-4kg","status":"publish","type":"product","link":"https:\/\/sakifood.com\/ar\/product\/rice-hashemi-4kg\/","title":{"rendered":"Rice Hashemi 4kg"},"content":{"rendered":"<p>Saki Gmbh Rice Wholesale in Europe , Rice vendor Hamburg<\/p>\n<p><strong>Basmatireis, Langkornreis, ger\u00e4ucherter Reis \u2013 Die unterschiedlichen Reissorten<\/strong><\/p>\n<p>Der Langkornreis geh\u00f6rt zu den Klassikern der weltweiten Reissorten und erfreut sich auch in Deutschland gro\u00dfer Beliebtheit. Gekocht ist dieser Reis k\u00f6rnig, f\u00e4llt locker und ist der ideale, t\u00e4gliche Begleiter zu Fleisch, Fisch oder Gem\u00fcse. Deshalb z\u00e4hlt der Langkornreis auch zu unseren Top-Sellern im Shop. Ebenfalls zu der Familie der Langkorn-Reissorten z\u00e4hlt der Basmatireis. Und dieser ist ein wahrer Duftreis und dabei nicht zu verwechseln mit dem Jasminreis. Echter Basmatireis in bester Qualit\u00e4t stammt entweder aus Pakistan oder aus Indien \u2013 und weil wir selbst Reisliebhaber sind, erhalten Sie nur eben jene Originalsorten in unserem Onlineshop. Er f\u00e4llt locker, k\u00f6rnig und hat einen nussigen Geschmack, der sich mit seinem sanften Duft paart. Der ger\u00e4ucherte Reis \u2013 auch Dudi Reis genannt \u2013 geh\u00f6rt unumstritten zu den besten Reissorten der Welt. Der Reis wird \u00fcber Holz ger\u00e4uchert und verstr\u00f6mt bereits beim Kochen einen einzigartigen, intensiven Duft. Er ist der ideale Begleiter zu Fischgerichten und wird im Iran insbesondere an hohen Feiertagen oder zu besonderen Anl\u00e4ssen serviert. Den Dudi-Reis zu kosten, ist ein Geruchs- und Geschmackserlebnis, das Sie so schnell nicht vergessen werden!<\/p>\n<p><strong>Perfekt gekochter Reis \u2013 Unser Service f\u00fcr noch mehr Genuss<\/strong><\/p>\n<p>Freunde der persischen oder orientalischen K\u00fcche kochen keinen Reis im Kochbeutel. Auch unsere Reissorten erhalten Sie wahlweise in unterschiedlichen Gr\u00f6\u00dfen von 500 g bis 10 kg als losen Reis. Traditionell bevorzugt die orientalische Kochart die Quellmethode bei der Zubereitung von Reisspeisen. Hierf\u00fcr wird die portionierte Reismenge (1 Tasse Reis f\u00fcr 2 Personen) zuvor zweimal gr\u00fcndlich gewaschen. Im Anschluss wird der Reis mit 1,5 Tassen Wasser und einer Prise Salz f\u00fcr etwa 10 Minuten eingeweicht. Dann erst erfolgt das Kochen des Reises in der selben Menge an Wasser. F\u00fcr perfekten Reisgenuss jeder Art bieten wir Ihnen in unserem Shop auch Reiskocher. Damit gelingt Ihnen auch spontan die Zubereitung aller Reisarten m\u00fchelos.<\/p>\n","protected":false},"excerpt":{"rendered":"<p>Saki Gmbh Rice Wholesale in Europe , Rice vendor Hamburg<\/p>\n<table id=\"product-attribute-specs-table\" class=\"data-table\">\n<colgroup>\n<col width=\"25%\" \/>\n<col \/><\/colgroup>\n<tbody>\n<tr class=\"first odd\">\n<th class=\"label\">Artikelnummer<\/th>\n<td class=\"data last\">110<\/td>\n<\/tr>\n<tr class=\"even\">\n<th class=\"label\">Manufactured in:<\/th>\n<td class=\"data last\">No<\/td>\n<\/tr>\n<tr class=\"odd\">\n<th class=\"label\">Manufactured in country:<\/th>\n<td class=\"data last\"><\/td>\n<\/tr>\n<tr class=\"even\">\n<th class=\"label\">delivery Time<\/th>\n<td class=\"data last\">2-3 Tage<\/td>\n<\/tr>\n<tr class=\"last odd\">\n<th class=\"label\">Stable until<\/th>\n<td class=\"data last\">No<\/td>\n<\/tr>\n<\/tbody>\n<\/table>\n","protected":false},"featured_media":14525,"comment_status":"closed","ping_status":"closed","template":"","meta":{"_acf_changed":false},"product_brand":[],"product_cat":[420,85],"product_tag":[502,435,274,240,501],"class_list":{"0":"post-2325","1":"product","2":"type-product","3":"status-publish","4":"has-post-thumbnail","6":"product_cat-rice-cereal","7":"product_cat-rice-cereals-beans","8":"product_tag-hashemi","9":"product_tag-persian-rice","10":"product_tag-reis","11":"product_tag-rice","12":"product_tag-tarom","14":"first","15":"instock","16":"shipping-taxable","17":"purchasable","18":"product-type-simple"},"acf":[],"_links":{"self":[{"href":"https:\/\/sakifood.com\/ar\/wp-json\/wp\/v2\/product\/2325","targetHints":{"allow":["GET"]}}],"collection":[{"href":"https:\/\/sakifood.com\/ar\/wp-json\/wp\/v2\/product"}],"about":[{"href":"https:\/\/sakifood.com\/ar\/wp-json\/wp\/v2\/types\/product"}],"replies":[{"embeddable":true,"href":"https:\/\/sakifood.com\/ar\/wp-json\/wp\/v2\/comments?post=2325"}],"version-history":[{"count":2,"href":"https:\/\/sakifood.com\/ar\/wp-json\/wp\/v2\/product\/2325\/revisions"}],"predecessor-version":[{"id":26595,"href":"https:\/\/sakifood.com\/ar\/wp-json\/wp\/v2\/product\/2325\/revisions\/26595"}],"wp:featuredmedia":[{"embeddable":true,"href":"https:\/\/sakifood.com\/ar\/wp-json\/wp\/v2\/media\/14525"}],"wp:attachment":[{"href":"https:\/\/sakifood.com\/ar\/wp-json\/wp\/v2\/media?parent=2325"}],"wp:term":[{"taxonomy":"product_brand","embeddable":true,"href":"https:\/\/sakifood.com\/ar\/wp-json\/wp\/v2\/product_brand?post=2325"},{"taxonomy":"product_cat","embeddable":true,"href":"https:\/\/sakifood.com\/ar\/wp-json\/wp\/v2\/product_cat?post=2325"},{"taxonomy":"product_tag","embeddable":true,"href":"https:\/\/sakifood.com\/ar\/wp-json\/wp\/v2\/product_tag?post=2325"}],"curies":[{"name":"wp","href":"https:\/\/api.w.org\/{rel}","templated":true}]}}