{"id":10651,"date":"2021-03-22T13:11:17","date_gmt":"2021-03-22T08:12:27","guid":{"rendered":"https:\/\/saki-gmbh.com\/?post_type=product&#038;p=10651"},"modified":"2025-03-25T12:22:45","modified_gmt":"2025-03-25T11:22:45","slug":"falafel-pulver","status":"publish","type":"product","link":"https:\/\/sakifood.com\/de\/product\/falafel-pulver\/","title":{"rendered":"Golha Falafel Pulver"},"content":{"rendered":"<p>Die Handelsfirma Saki GmbH, die zu den Marktf\u00fchrern f\u00fcr Lebensmittelvertrieb in Europa geh\u00f6rt, hat neuerdings einen Falafel importiert, der uns an die warmherzigen Menschen mit ihren typischen Eigenschaften aus dem S\u00fcden Iran erinnert. Dieser Falafel mit seinem au\u00dferordentlichen Geschmack und seiner einfachen Zubereitung sorgt daf\u00fcr, dass ein Vorrat davon im Gefrierschrank uns entspannen l\u00e4sst, denn braucht wenige Minuten Zeit in der Pfanne oder in der Fritteuse, um zubereitet zu werden und durch eine entsprechende Dekoration auch noch an Attraktivit\u00e4t gewinnt.<\/p>\n","protected":false},"excerpt":{"rendered":"<p>Dieser Falafel mit seinem au\u00dferordentlichen Geschmack und seiner einfachen Zubereitung sorgt daf\u00fcr, dass ein Vorrat davon im Gefrierschrank uns entspannen l\u00e4sst, denn braucht wenige Minuten Zeit in der Pfanne oder in der Fritteuse, um zubereitet zu werden und durch eine entsprechende Dekoration auch noch an Attraktivit\u00e4t gewinnt.<\/p>\n","protected":false},"featured_media":23266,"comment_status":"closed","ping_status":"closed","template":"","meta":{"_acf_changed":false},"product_brand":[],"product_cat":[423,120],"product_tag":[],"class_list":{"0":"post-10651","1":"product","2":"type-product","3":"status-publish","4":"has-post-thumbnail","6":"product_cat-reis-getreide","7":"product_cat-reis-getreide-bohnen","9":"first","10":"instock","11":"shipping-taxable","12":"purchasable","13":"product-type-simple"},"acf":[],"_links":{"self":[{"href":"https:\/\/sakifood.com\/de\/wp-json\/wp\/v2\/product\/10651","targetHints":{"allow":["GET"]}}],"collection":[{"href":"https:\/\/sakifood.com\/de\/wp-json\/wp\/v2\/product"}],"about":[{"href":"https:\/\/sakifood.com\/de\/wp-json\/wp\/v2\/types\/product"}],"replies":[{"embeddable":true,"href":"https:\/\/sakifood.com\/de\/wp-json\/wp\/v2\/comments?post=10651"}],"version-history":[{"count":0,"href":"https:\/\/sakifood.com\/de\/wp-json\/wp\/v2\/product\/10651\/revisions"}],"wp:featuredmedia":[{"embeddable":true,"href":"https:\/\/sakifood.com\/de\/wp-json\/wp\/v2\/media\/23266"}],"wp:attachment":[{"href":"https:\/\/sakifood.com\/de\/wp-json\/wp\/v2\/media?parent=10651"}],"wp:term":[{"taxonomy":"product_brand","embeddable":true,"href":"https:\/\/sakifood.com\/de\/wp-json\/wp\/v2\/product_brand?post=10651"},{"taxonomy":"product_cat","embeddable":true,"href":"https:\/\/sakifood.com\/de\/wp-json\/wp\/v2\/product_cat?post=10651"},{"taxonomy":"product_tag","embeddable":true,"href":"https:\/\/sakifood.com\/de\/wp-json\/wp\/v2\/product_tag?post=10651"}],"curies":[{"name":"wp","href":"https:\/\/api.w.org\/{rel}","templated":true}]}}