{"id":13737,"date":"2022-08-05T12:17:48","date_gmt":"2022-08-05T10:17:49","guid":{"rendered":"https:\/\/saki-gmbh.com\/?post_type=product&#038;p=13737"},"modified":"2024-08-18T19:41:25","modified_gmt":"2024-08-18T17:41:25","slug":"gefrorenes-dill-400g-copy-2","status":"publish","type":"product","link":"https:\/\/sakifood.com\/de\/product\/gefrorenes-dill-400g-copy-2\/","title":{"rendered":"Gefrorenes Ghaliya Mahi 400g"},"content":{"rendered":"<h2>Gefrorenes Ghaliya Mahi<\/h2>\n<p><strong>Saki Gmbh\u00a0 \u2013 Gefrorenes Ghaliye Mahi Gro\u00dfhandel in Hamburg Deutschland<\/strong><\/p>\n<p>Wenn Sie jemals den S\u00fcden Irans besucht oder bereist haben sollten oder sogar selbst aus dieser Gegend stammen, dann kennen Sie, au\u00dfer der Gastfreundlichkeit dieser liebenswerten Menschen sicherlich auch den einzigartigen Geschmack vom traditionellen und leckeren Fischrogen (Gefrorenes Ghaliya Mahi) auf Ihrer Zunge. \u00c4hnlich wie <a href=\"https:\/\/saki-gmbh.com\/produkt\/frozen-herbs-gorme-400g\/?lang=de\" target=\"_blank\" rel=\"noopener\">Ghormesabzi<\/a> nur mit dem Unterschied, dass statt rotes Fleisch, Fisch verwendet wird. Das Essen wird noch zus\u00e4tzlich durch frisch duftende Kr\u00e4uter und Gem\u00fcse zu einem unvergesslichen Genuss. Jetzt ist es an der Zeit mit der Wahl von verschiedenen sowohl Khanum Khanuma &#8211; Konserven als auch gefrorenen Produkten, ein beliebtes Essen ohne besonderen Aufwand zuzubereiten.<\/p>\n","protected":false},"excerpt":{"rendered":"<p><strong>Saki Gmbh\u00a0 \u2013 Gefrorenes Ghaliye Mahi Gro\u00dfhandel in Hamburg Deutschland<\/strong><\/p>\n<p>Wenn Sie jemals den S\u00fcden Irans besucht oder bereist haben sollten oder sogar selbst aus dieser Gegend stammen, dann kennen Sie, au\u00dfer der Gastfreundlichkeit dieser liebenswerten Menschen sicherlich auch den einzigartigen Geschmack vom traditionellen und leckeren Fischrogen (Gefrorenes Ghaliya Mahi) auf Ihrer Zunge. \u00c4hnlich wie <a href=\"https:\/\/saki-gmbh.com\/produkt\/frozen-herbs-gorme-400g\/?lang=de\">Ghormesabzi<\/a> nur mit dem Unterschied, dass statt rotes Fleisch, Fisch verwendet wird. Das Essen wird noch zus\u00e4tzlich durch frisch duftende Kr\u00e4uter und Gem\u00fcse zu einem unvergesslichen Genuss. Jetzt ist es an der Zeit mit der Wahl von verschiedenen sowohl Khanum Khanuma &#8211; Konserven als auch gefrorenen Produkten, ein beliebtes Essen ohne besonderen Aufwand zuzubereiten.<\/p>\n","protected":false},"featured_media":17574,"comment_status":"closed","ping_status":"closed","template":"","meta":{"_acf_changed":false},"product_brand":[],"product_cat":[600,661],"product_tag":[],"class_list":{"0":"post-13737","1":"product","2":"type-product","3":"status-publish","4":"has-post-thumbnail","6":"product_cat-gefrorene-produkte","7":"product_cat-kalleh-produkt-de","9":"first","10":"instock","11":"shipping-taxable","12":"purchasable","13":"product-type-simple"},"acf":[],"_links":{"self":[{"href":"https:\/\/sakifood.com\/de\/wp-json\/wp\/v2\/product\/13737","targetHints":{"allow":["GET"]}}],"collection":[{"href":"https:\/\/sakifood.com\/de\/wp-json\/wp\/v2\/product"}],"about":[{"href":"https:\/\/sakifood.com\/de\/wp-json\/wp\/v2\/types\/product"}],"replies":[{"embeddable":true,"href":"https:\/\/sakifood.com\/de\/wp-json\/wp\/v2\/comments?post=13737"}],"version-history":[{"count":0,"href":"https:\/\/sakifood.com\/de\/wp-json\/wp\/v2\/product\/13737\/revisions"}],"wp:featuredmedia":[{"embeddable":true,"href":"https:\/\/sakifood.com\/de\/wp-json\/wp\/v2\/media\/17574"}],"wp:attachment":[{"href":"https:\/\/sakifood.com\/de\/wp-json\/wp\/v2\/media?parent=13737"}],"wp:term":[{"taxonomy":"product_brand","embeddable":true,"href":"https:\/\/sakifood.com\/de\/wp-json\/wp\/v2\/product_brand?post=13737"},{"taxonomy":"product_cat","embeddable":true,"href":"https:\/\/sakifood.com\/de\/wp-json\/wp\/v2\/product_cat?post=13737"},{"taxonomy":"product_tag","embeddable":true,"href":"https:\/\/sakifood.com\/de\/wp-json\/wp\/v2\/product_tag?post=13737"}],"curies":[{"name":"wp","href":"https:\/\/api.w.org\/{rel}","templated":true}]}}