{"id":17022,"date":"2020-11-08T11:59:42","date_gmt":"2020-11-08T10:59:42","guid":{"rendered":"https:\/\/saki-gmbh.com\/?post_type=product&#038;p=17022"},"modified":"2025-03-25T12:05:00","modified_gmt":"2025-03-25T11:05:00","slug":"gesalzenes-gruenes-gewuerzgemuese-ayesh","status":"publish","type":"product","link":"https:\/\/sakifood.com\/de\/product\/gesalzenes-gruenes-gewuerzgemuese-ayesh\/","title":{"rendered":"Gesalzenes gr\u00fcnes Gew\u00fcrzgem\u00fcse (Ayesh)"},"content":{"rendered":"","protected":false},"excerpt":{"rendered":"","protected":false},"featured_media":17020,"comment_status":"closed","ping_status":"closed","template":"","meta":{"_acf_changed":false},"product_brand":[],"product_cat":[331,109],"product_tag":[],"class_list":{"0":"post-17022","1":"product","2":"type-product","3":"status-publish","4":"has-post-thumbnail","6":"product_cat-gewuerzen-saucen","7":"product_cat-kraeuter-gewuerze","9":"first","10":"instock","11":"shipping-taxable","12":"purchasable","13":"product-type-simple"},"acf":[],"_links":{"self":[{"href":"https:\/\/sakifood.com\/de\/wp-json\/wp\/v2\/product\/17022","targetHints":{"allow":["GET"]}}],"collection":[{"href":"https:\/\/sakifood.com\/de\/wp-json\/wp\/v2\/product"}],"about":[{"href":"https:\/\/sakifood.com\/de\/wp-json\/wp\/v2\/types\/product"}],"replies":[{"embeddable":true,"href":"https:\/\/sakifood.com\/de\/wp-json\/wp\/v2\/comments?post=17022"}],"version-history":[{"count":0,"href":"https:\/\/sakifood.com\/de\/wp-json\/wp\/v2\/product\/17022\/revisions"}],"wp:featuredmedia":[{"embeddable":true,"href":"https:\/\/sakifood.com\/de\/wp-json\/wp\/v2\/media\/17020"}],"wp:attachment":[{"href":"https:\/\/sakifood.com\/de\/wp-json\/wp\/v2\/media?parent=17022"}],"wp:term":[{"taxonomy":"product_brand","embeddable":true,"href":"https:\/\/sakifood.com\/de\/wp-json\/wp\/v2\/product_brand?post=17022"},{"taxonomy":"product_cat","embeddable":true,"href":"https:\/\/sakifood.com\/de\/wp-json\/wp\/v2\/product_cat?post=17022"},{"taxonomy":"product_tag","embeddable":true,"href":"https:\/\/sakifood.com\/de\/wp-json\/wp\/v2\/product_tag?post=17022"}],"curies":[{"name":"wp","href":"https:\/\/api.w.org\/{rel}","templated":true}]}}