{"id":21656,"date":"2024-10-24T13:25:00","date_gmt":"2024-10-24T11:25:00","guid":{"rendered":"https:\/\/saki-gmbh.com\/?post_type=product&#038;p=21656"},"modified":"2026-05-08T11:57:57","modified_gmt":"2026-05-08T09:57:57","slug":"eis-akbar-maschti-450g","status":"publish","type":"product","link":"https:\/\/sakifood.com\/de\/product\/eis-akbar-maschti-450g\/","title":{"rendered":"Traditionelles Safran-Eis Akbar Maschti 450g"},"content":{"rendered":"<h2 data-start=\"124\" data-end=\"225\">Traditionelles Safraneis: Ein authentischer Geschmack mit dem echten Aroma von Safran<\/h2>\n<p data-start=\"226\" data-end=\"755\">Traditionelles Safraneis geh\u00f6rt zu den beliebtesten und authentischsten Desserts Persiens und wird seit Generationen bei Festen und besonderen Anl\u00e4ssen serviert. Dieses farbenfrohe und aromatische Eis wird mit reinem Safran hergestellt, was ihm einen unverwechselbaren Geschmack, Duft und eine goldene Farbe verleiht, die mit keinem anderen Eis vergleichbar ist. Sein attraktiver Goldton, die elastische Konsistenz und die angenehme S\u00fc\u00dfe machen es zu einem der unvergesslichsten traditionellen Aromen.<\/p>\n<hr data-start=\"757\" data-end=\"760\" \/>\n<h2 data-start=\"762\" data-end=\"815\">Was ist Safraneis und was macht es so besonders?<\/h2>\n<p data-start=\"816\" data-end=\"1112\">Safraneis ist ein traditionelles persisches Eis, das aus Milch, Sahne, Rosenwasser und Safran hergestellt wird. Safran, eines der wertvollsten und teuersten Gew\u00fcrze der Welt, spielt in diesem Dessert die Hauptrolle und verleiht ihm seine charakteristische goldene Farbe und sein intensives Aroma.<\/p>\n<hr data-start=\"1114\" data-end=\"1117\" \/>\n<h2 data-start=\"1119\" data-end=\"1184\">Hervorstechende Eigenschaften des traditionellen Safraneises<\/h2>\n<ul data-start=\"1185\" data-end=\"1466\">\n<li data-start=\"1185\" data-end=\"1240\">\n<p data-start=\"1187\" data-end=\"1240\">Nat\u00fcrliche goldene Farbe ohne k\u00fcnstliche Farbstoffe<\/p>\n<\/li>\n<li data-start=\"1241\" data-end=\"1318\">\n<p data-start=\"1243\" data-end=\"1318\">Angenehm elastische Konsistenz, die durch traditionelle Methoden entsteht<\/p>\n<\/li>\n<li data-start=\"1319\" data-end=\"1394\">\n<p data-start=\"1321\" data-end=\"1394\">Authentisches persisches Aroma und Geschmack von Safran und Rosenwasser<\/p>\n<\/li>\n<li data-start=\"1395\" data-end=\"1466\">\n<p data-start=\"1397\" data-end=\"1466\">Verwendung von frischen Sahnest\u00fcckchen f\u00fcr eine einzigartige Textur<\/p>\n<\/li>\n<\/ul>\n<hr data-start=\"1468\" data-end=\"1471\" \/>\n<h2 data-start=\"1473\" data-end=\"1531\">Vorteile und N\u00e4hrwerte des traditionellen Safraneises<\/h2>\n<p data-start=\"1532\" data-end=\"1646\">Obwohl Eis im Allgemeinen als s\u00fc\u00dfes Dessert gilt, erh\u00f6ht der Zusatz von Safran den N\u00e4hrwert dieses Eises deutlich.<\/p>\n<h3 data-start=\"1648\" data-end=\"1711\">Die wichtigsten Vorteile von Safran im traditionellen Eis<\/h3>\n<ul data-start=\"1712\" data-end=\"1878\">\n<li data-start=\"1712\" data-end=\"1768\">\n<p data-start=\"1714\" data-end=\"1768\">Verbesserung der Stimmung und Reduzierung von Stress<\/p>\n<\/li>\n<li data-start=\"1769\" data-end=\"1799\">\n<p data-start=\"1771\" data-end=\"1799\">F\u00f6rderung der Durchblutung<\/p>\n<\/li>\n<li data-start=\"1800\" data-end=\"1840\">\n<p data-start=\"1802\" data-end=\"1840\">Steigerung von Energie und Vitalit\u00e4t<\/p>\n<\/li>\n<li data-start=\"1841\" data-end=\"1878\">\n<p data-start=\"1843\" data-end=\"1878\">Enth\u00e4lt nat\u00fcrliche Antioxidantien<\/p>\n<\/li>\n<\/ul>\n<p data-start=\"1880\" data-end=\"1998\">Dar\u00fcber hinaus macht die Kombination aus Milch, Safran und Sahne dieses Eis zu einem nahrhaften und s\u00e4ttigenden Snack.<\/p>\n","protected":false},"excerpt":{"rendered":"<h3 data-start=\"1648\" data-end=\"1711\">Die wichtigsten Vorteile von Safran im traditionellen Eis<\/h3>\n<ul data-start=\"1712\" data-end=\"1878\">\n<li data-start=\"1712\" data-end=\"1768\">\n<p data-start=\"1714\" data-end=\"1768\">Verbesserung der Stimmung und Reduzierung von Stress<\/p>\n<\/li>\n<li data-start=\"1769\" data-end=\"1799\">\n<p data-start=\"1771\" data-end=\"1799\">F\u00f6rderung der Durchblutung<\/p>\n<\/li>\n<li data-start=\"1800\" data-end=\"1840\">\n<p data-start=\"1802\" data-end=\"1840\">Steigerung von Energie und Vitalit\u00e4t<\/p>\n<\/li>\n<li data-start=\"1841\" data-end=\"1878\">\n<p data-start=\"1843\" data-end=\"1878\">Enth\u00e4lt nat\u00fcrliche Antioxidantien<\/p>\n<\/li>\n<\/ul>\n","protected":false},"featured_media":21654,"comment_status":"closed","ping_status":"closed","template":"","meta":{"_acf_changed":false},"product_brand":[],"product_cat":[617,600],"product_tag":[],"class_list":{"0":"post-21656","1":"product","2":"type-product","3":"status-publish","4":"has-post-thumbnail","6":"product_cat-akbar-mashti-de","7":"product_cat-gefrorene-produkte","9":"first","10":"outofstock","11":"shipping-taxable","12":"purchasable","13":"product-type-simple"},"acf":[],"_links":{"self":[{"href":"https:\/\/sakifood.com\/de\/wp-json\/wp\/v2\/product\/21656","targetHints":{"allow":["GET"]}}],"collection":[{"href":"https:\/\/sakifood.com\/de\/wp-json\/wp\/v2\/product"}],"about":[{"href":"https:\/\/sakifood.com\/de\/wp-json\/wp\/v2\/types\/product"}],"replies":[{"embeddable":true,"href":"https:\/\/sakifood.com\/de\/wp-json\/wp\/v2\/comments?post=21656"}],"version-history":[{"count":3,"href":"https:\/\/sakifood.com\/de\/wp-json\/wp\/v2\/product\/21656\/revisions"}],"predecessor-version":[{"id":25529,"href":"https:\/\/sakifood.com\/de\/wp-json\/wp\/v2\/product\/21656\/revisions\/25529"}],"wp:featuredmedia":[{"embeddable":true,"href":"https:\/\/sakifood.com\/de\/wp-json\/wp\/v2\/media\/21654"}],"wp:attachment":[{"href":"https:\/\/sakifood.com\/de\/wp-json\/wp\/v2\/media?parent=21656"}],"wp:term":[{"taxonomy":"product_brand","embeddable":true,"href":"https:\/\/sakifood.com\/de\/wp-json\/wp\/v2\/product_brand?post=21656"},{"taxonomy":"product_cat","embeddable":true,"href":"https:\/\/sakifood.com\/de\/wp-json\/wp\/v2\/product_cat?post=21656"},{"taxonomy":"product_tag","embeddable":true,"href":"https:\/\/sakifood.com\/de\/wp-json\/wp\/v2\/product_tag?post=21656"}],"curies":[{"name":"wp","href":"https:\/\/api.w.org\/{rel}","templated":true}]}}