{"id":4130,"date":"2020-02-25T17:04:20","date_gmt":"2020-02-25T16:04:20","guid":{"rendered":"http:\/\/saki.sajednobakht.ir\/product\/canned-khanum-khanuma-kaschk-bademjan-450g\/"},"modified":"2024-07-11T10:45:16","modified_gmt":"2024-07-11T08:45:16","slug":"canned-khanum-khanuma-kaschk-bademjan-450g","status":"publish","type":"product","link":"https:\/\/sakifood.com\/de\/product\/canned-khanum-khanuma-kaschk-bademjan-450g\/","title":{"rendered":"Konserve Kaschk Bademjan Khanum Khanuma 450g"},"content":{"rendered":"<h2>Konserve Kashk Bademjan Khanum Khanuma<\/h2>\n<h3>Saki GmbH, Gro\u00dfh\u00e4ndler f\u00fcr persische Fertiggerichte<\/h3>\n<p>Der Geschmack der gegrillten Auberginen (<strong>Konserve Kashk Bademjan<\/strong>) verf\u00fchrt jeden, denn das Produkt von Saki ist qualitativ hochwertig und frisch und nutzt das schnelle Gefriervorgang ohne die Qualit\u00e4t und die Konsistenz zu gef\u00e4hrden. Deshalb ist dieses Produkt eine sehr gute Wahl f\u00fcr ein frisches und leckeres Essen.<\/p>\n<p>Konserve Kaschk Bademjan<\/p>\n","protected":false},"excerpt":{"rendered":"<h2>Konserve Kashko Bademjan Khanum Khanuma<\/h2>\n<p>Saki GmbH, Gro\u00dfh\u00e4ndler f\u00fcr persische Fertiggerichte<\/p>\n<p>Der Geschmack der gegrillten Auberginen (Bademjun Kababi) verf\u00fchrt jeden, denn das Produkt von Saki ist qualitativ hochwertig und frisch und nutzt das schnelle Gefriervorgang ohne die Qualit\u00e4t und die Konsistenz zu gef\u00e4hrden. Deshalb ist dieses Produkt eine sehr gute Wahl f\u00fcr ein frisches und leckeres Essen.<\/p>\n<p>Konserve Kaschk Bademjan<\/p>\n<table id=\"product-attribute-specs-table\" class=\"data-table\">\n<tbody>\n<tr class=\"first odd\">\n<th class=\"label\">Artikelnummer<\/th>\n<td class=\"data last\">285<\/td>\n<\/tr>\n<tr class=\"even\">\n<th class=\"label\">Manufactured in:<\/th>\n<td class=\"data last\">No<\/td>\n<\/tr>\n<tr class=\"odd\">\n<th class=\"label\">Manufactured in country:<\/th>\n<td class=\"data last\">Iran<\/td>\n<\/tr>\n<tr class=\"even\">\n<th class=\"label\">delivery Time<\/th>\n<td class=\"data last\">1-2 Tage<\/td>\n<\/tr>\n<tr class=\"last odd\">\n<th class=\"label\">Stable until<\/th>\n<td class=\"data last\">No<\/td>\n<\/tr>\n<\/tbody>\n<\/table>\n<p>&nbsp;<\/p>\n","protected":false},"featured_media":18633,"comment_status":"closed","ping_status":"closed","template":"","meta":{"_acf_changed":false},"product_brand":[],"product_cat":[465,118],"product_tag":[],"class_list":{"0":"post-4130","1":"product","2":"type-product","3":"status-publish","4":"has-post-thumbnail","6":"product_cat-fertiggerichte-in-konserven","7":"product_cat-konserven-fertiggerichte","9":"first","10":"instock","11":"shipping-taxable","12":"purchasable","13":"product-type-simple"},"acf":[],"_links":{"self":[{"href":"https:\/\/sakifood.com\/de\/wp-json\/wp\/v2\/product\/4130","targetHints":{"allow":["GET"]}}],"collection":[{"href":"https:\/\/sakifood.com\/de\/wp-json\/wp\/v2\/product"}],"about":[{"href":"https:\/\/sakifood.com\/de\/wp-json\/wp\/v2\/types\/product"}],"replies":[{"embeddable":true,"href":"https:\/\/sakifood.com\/de\/wp-json\/wp\/v2\/comments?post=4130"}],"version-history":[{"count":0,"href":"https:\/\/sakifood.com\/de\/wp-json\/wp\/v2\/product\/4130\/revisions"}],"wp:featuredmedia":[{"embeddable":true,"href":"https:\/\/sakifood.com\/de\/wp-json\/wp\/v2\/media\/18633"}],"wp:attachment":[{"href":"https:\/\/sakifood.com\/de\/wp-json\/wp\/v2\/media?parent=4130"}],"wp:term":[{"taxonomy":"product_brand","embeddable":true,"href":"https:\/\/sakifood.com\/de\/wp-json\/wp\/v2\/product_brand?post=4130"},{"taxonomy":"product_cat","embeddable":true,"href":"https:\/\/sakifood.com\/de\/wp-json\/wp\/v2\/product_cat?post=4130"},{"taxonomy":"product_tag","embeddable":true,"href":"https:\/\/sakifood.com\/de\/wp-json\/wp\/v2\/product_tag?post=4130"}],"curies":[{"name":"wp","href":"https:\/\/api.w.org\/{rel}","templated":true}]}}