{"id":7917,"date":"2023-05-10T16:46:07","date_gmt":"2020-03-02T15:46:07","guid":{"rendered":"http:\/\/saki.sajednobakht.ir\/product\/rice-cooker-181-pars-khazar-8-persons\/"},"modified":"2025-12-27T21:27:09","modified_gmt":"2025-12-27T20:27:09","slug":"rice-cooker-181-pars-khazar-8-persons","status":"publish","type":"product","link":"https:\/\/sakifood.com\/de\/product\/rice-cooker-181-pars-khazar-8-persons\/","title":{"rendered":"Reiskocher Pars khazar 181 &#8211; 8 Personen"},"content":{"rendered":"<p>Reiskocher &#8211;\u00a0\u00a0\u00a0 <a href=\"https:\/\/saki-gmbh.com\/produkt\/rice-khanum-khanuma-gold-10-kg\/?lang=de\" target=\"_blank\" rel=\"noopener\">Khanum Khanuma Reis<\/a> wird mit Parskhazar ideal zubereitet<\/p>\n<p class=\"\" data-start=\"164\" data-end=\"251\"><strong data-start=\"164\" data-end=\"251\">Reisekochtopf 181 Pars Khazar 8 Personen: Die ideale L\u00f6sung f\u00fcr Ihre deutsche K\u00fcche<\/strong><\/p>\n<p class=\"\" data-start=\"253\" data-end=\"760\">Suchen Sie nach einem zuverl\u00e4ssigen, hochwertigen Reisekochtopf, der das Kochen m\u00fchelos und schnell macht? Der <em data-start=\"364\" data-end=\"406\">Reisekochtopf 181 Pars Khazar 8 Personen<\/em> ist die perfekte L\u00f6sung f\u00fcr perfekt gekochten Reis und eine Vielzahl von Gerichten \u2013 jedes Mal. Mit seinem innovativen Design und fortschrittlicher Technologie bietet dieses Produkt von <em data-start=\"593\" data-end=\"606\">Pars Khazar<\/em>, einer der f\u00fchrenden iranischen Marken f\u00fcr Haushaltsger\u00e4te, au\u00dfergew\u00f6hnliche Leistung, die den Anforderungen moderner K\u00fcchen in Deutschland gerecht wird.<\/p>\n<h3 class=\"\" data-start=\"762\" data-end=\"842\"><strong data-start=\"766\" data-end=\"842\">Hauptmerkmale des Reisekochtopfs 181 ParsKhazar f\u00fcr deutsche Haushalte:<\/strong><\/h3>\n<ul data-start=\"844\" data-end=\"2291\">\n<li class=\"\" data-start=\"844\" data-end=\"1143\">\n<p class=\"\" data-start=\"846\" data-end=\"1143\"><strong data-start=\"846\" data-end=\"885\">Gro\u00dfz\u00fcgige Kapazit\u00e4t f\u00fcr 8 Personen<\/strong>: Der <em data-start=\"891\" data-end=\"922\">Reisekochtopf 181 ParsKhazar<\/em> eignet sich perfekt f\u00fcr gro\u00dfe deutsche Familien oder Dinnerpartys. Mit seiner gro\u00dfz\u00fcgigen Kapazit\u00e4t k\u00f6nnen Sie genug Reis f\u00fcr bis zu 8 Personen in einem Durchgang kochen \u2013 ideal f\u00fcr Zusammenk\u00fcnfte und Familienmahlzeiten.<\/p>\n<\/li>\n<li class=\"\" data-start=\"1144\" data-end=\"1389\">\n<p class=\"\" data-start=\"1146\" data-end=\"1389\"><strong data-start=\"1146\" data-end=\"1182\">Fortschrittliche Heiztechnologie<\/strong>: Ausgestattet mit <em data-start=\"1201\" data-end=\"1227\">modernsten Heizelementen<\/em> sorgt dieser Kochtopf f\u00fcr eine gleichm\u00e4\u00dfige W\u00e4rmeverteilung und garantiert jedes Mal perfekt gegarten Reis \u2013 ob f\u00fcr ein kleines Abendessen oder eine gro\u00dfe Feier.<\/p>\n<\/li>\n<li class=\"\" data-start=\"1390\" data-end=\"1617\">\n<p class=\"\" data-start=\"1392\" data-end=\"1617\"><strong data-start=\"1392\" data-end=\"1414\">Antihaft-Innentopf<\/strong>: Genie\u00dfen Sie eine einfache Reinigung mit dem <em data-start=\"1461\" data-end=\"1481\">Antihaft-Innentopf<\/em>, der verhindert, dass Reis kleben bleibt oder anbrennt. Diese Funktion sorgt f\u00fcr m\u00fchelose Wartung und h\u00e4lt den Kochtopf l\u00e4nger wie neu.<\/p>\n<\/li>\n<li class=\"\" data-start=\"1618\" data-end=\"1846\">\n<p class=\"\" data-start=\"1620\" data-end=\"1846\"><strong data-start=\"1620\" data-end=\"1646\">Mehrere Kochfunktionen<\/strong>: Der <em data-start=\"1652\" data-end=\"1683\">Reisekochtopf 181 Pars Khazar<\/em> ist nicht nur f\u00fcr Reis. Mit verschiedenen Kochprogrammen k\u00f6nnen Sie eine Vielzahl von Gerichten zubereiten, darunter ged\u00e4mpftes Gem\u00fcse, Suppen und sogar Porridge.<\/p>\n<\/li>\n<li class=\"\" data-start=\"1847\" data-end=\"2060\">\n<p class=\"\" data-start=\"1849\" data-end=\"2060\"><strong data-start=\"1849\" data-end=\"1883\">Automatische Warmhaltefunktion<\/strong>: Nachdem der Kochvorgang abgeschlossen ist, aktiviert die <em data-start=\"1942\" data-end=\"1974\">automatische Warmhaltefunktion<\/em> den Kochtopf, um sicherzustellen, dass Ihr Reis warm und bereit zum Servieren bleibt.<\/p>\n<\/li>\n<li class=\"\" data-start=\"2061\" data-end=\"2291\">\n<p class=\"\" data-start=\"2063\" data-end=\"2291\"><strong data-start=\"2063\" data-end=\"2098\">Benutzerfreundliches Bedienfeld<\/strong>: Das intuitive und leicht zu bedienende Bedienfeld macht die Nutzung des <em data-start=\"2172\" data-end=\"2204\">Reisekochtopfs 181 Pars Khazar<\/em> einfach, auch f\u00fcr diejenigen, die keine komplizierten Einstellungen vornehmen m\u00f6chten.<\/p>\n<\/li>\n<\/ul>\n<h3 class=\"\" data-start=\"2293\" data-end=\"2368\"><strong data-start=\"2297\" data-end=\"2368\">Vorteile des Reisekochtopfs 181 Pars Khazar f\u00fcr deutsche Haushalte:<\/strong><\/h3>\n<ul data-start=\"2370\" data-end=\"3171\">\n<li class=\"\" data-start=\"2370\" data-end=\"2565\">\n<p class=\"\" data-start=\"2372\" data-end=\"2565\"><strong data-start=\"2372\" data-end=\"2402\">Zeit- und Arbeitsersparnis<\/strong>: Perfekter Reis ohne st\u00e4ndige Kontrolle. Lassen Sie den <em data-start=\"2459\" data-end=\"2490\">Reisekochtopf 181 Pars Khazar<\/em> die Arbeit f\u00fcr Sie erledigen, w\u00e4hrend Sie sich um andere Aufgaben k\u00fcmmern.<\/p>\n<\/li>\n<li class=\"\" data-start=\"2566\" data-end=\"2754\">\n<p class=\"\" data-start=\"2568\" data-end=\"2754\"><strong data-start=\"2568\" data-end=\"2601\">Jedes Mal perfekte Ergebnisse<\/strong>: Ob Sie einfachen Reis, Pilaw oder andere Getreidearten kochen, dieser Kochtopf sorgt jedes Mal f\u00fcr ausgezeichnete Ergebnisse \u2013 ein Muss in jeder K\u00fcche.<\/p>\n<\/li>\n<li class=\"\" data-start=\"2755\" data-end=\"2947\">\n<p class=\"\" data-start=\"2757\" data-end=\"2947\"><strong data-start=\"2757\" data-end=\"2786\">Energieeffizientes Design<\/strong>: Dieser Reisekochtopf wurde mit Blick auf Energieeinsparung entwickelt und ist sowohl umweltfreundlich als auch kosteneffektiv, da er Ihre Stromrechnung schont.<\/p>\n<\/li>\n<li class=\"\" data-start=\"2948\" data-end=\"3171\">\n<p class=\"\" data-start=\"2950\" data-end=\"3171\"><strong data-start=\"2950\" data-end=\"3002\">Langlebigkeit, auf die Sie sich verlassen k\u00f6nnen<\/strong>: \u00a0einer vertrauensw\u00fcrdigen Marke, hergestellt und bietet langfristige Haltbarkeit und zuverl\u00e4ssige Leistung.<\/p>\n<\/li>\n<\/ul>\n<h3 class=\"\" data-start=\"3173\" data-end=\"3255\"><strong data-start=\"3177\" data-end=\"3255\">Warum sollten Sie den Reisekochtopf 181 ParsKhazar in Deutschland w\u00e4hlen?<\/strong><\/h3>\n<p class=\"\" data-start=\"3257\" data-end=\"3723\">F\u00fcr alle, die Zeit in der K\u00fcche sparen und perfekt gekochten Reis genie\u00dfen m\u00f6chten, ist der <em data-start=\"3349\" data-end=\"3380\">Reisekochtopf 181 Pars Khazar<\/em> die ideale Wahl. Egal, ob Sie ein besch\u00e4ftigter Berufspendler oder ein familienorientierter Koch sind, dieser Reisekochtopf ist darauf ausgelegt, den Anforderungen moderner deutscher K\u00fcchen gerecht zu werden. Sein elegantes Design, die benutzerfreundlichen Funktionen und die Effizienz machen ihn zu einem unverzichtbaren Helfer in der K\u00fcche.<\/p>\n<h3 class=\"\" data-start=\"3725\" data-end=\"3809\"><strong data-start=\"3729\" data-end=\"3809\">Bestellen Sie noch heute Ihren Reisekochtopf 181 ParsKhazar in Deutschland!<\/strong><\/h3>\n<p class=\"\" data-start=\"3811\" data-end=\"4185\">Verpassen Sie nicht die Gelegenheit, Ihre Kochroutine zu vereinfachen und immer perfekt gekochten Reis zu genie\u00dfen. Der <em data-start=\"3931\" data-end=\"3973\">Reisekochtopf 181 ParsKhazar 8 Personen<\/em> ist jetzt zum Kauf erh\u00e4ltlich. Bringen Sie diesen hoch effizienten, zuverl\u00e4ssigen und einfach zu bedienenden Reisekochtopf noch heute in Ihre deutsche K\u00fcche und machen Sie den ersten Schritt zu m\u00fchelosem Kochen!<\/p>\n","protected":false},"excerpt":{"rendered":"<p class=\"\" data-start=\"164\" data-end=\"251\"><strong data-start=\"164\" data-end=\"251\">Reisekochtopf 181 Pars Khazar 8 Personen: Die ideale L\u00f6sung f\u00fcr Ihre deutsche K\u00fcche<\/strong><\/p>\n<p class=\"\" data-start=\"253\" data-end=\"760\">Suchen Sie nach einem zuverl\u00e4ssigen, hochwertigen Reisekochtopf, der das Kochen m\u00fchelos und schnell macht? Der <em data-start=\"364\" data-end=\"406\">Reisekochtopf 181 Pars Khazar 8 Personen<\/em> ist die perfekte L\u00f6sung f\u00fcr perfekt gekochten Reis und eine Vielzahl von Gerichten \u2013 jedes Mal. Mit seinem innovativen Design und fortschrittlicher Technologie bietet dieses Produkt von <em data-start=\"593\" data-end=\"606\">Pars Khazar<\/em>, einer der f\u00fchrenden iranischen Marken f\u00fcr Haushaltsger\u00e4te, au\u00dfergew\u00f6hnliche Leistung, die den Anforderungen moderner K\u00fcchen in Deutschland gerecht wird.<\/p>\n<table id=\"product-attribute-specs-table\" class=\"data-table\">\n<colgroup>\n<col width=\"25%\" \/>\n<col \/><\/colgroup>\n<tbody>\n<tr class=\"first odd\">\n<th class=\"label\">Artikelnummer<\/th>\n<td class=\"data last\">724<\/td>\n<\/tr>\n<tr class=\"even\">\n<th class=\"label\">Manufactured in:<\/th>\n<td class=\"data last\">No<\/td>\n<\/tr>\n<tr class=\"odd\">\n<th class=\"label\">Manufactured in country:<\/th>\n<td class=\"data last\">Iran<\/td>\n<\/tr>\n<tr class=\"even\">\n<th class=\"label\">delivery Time<\/th>\n<td class=\"data last\">1-2 Tage<\/td>\n<\/tr>\n<tr class=\"last odd\">\n<th class=\"label\">Stable until<\/th>\n<td class=\"data last\">No<\/td>\n<\/tr>\n<\/tbody>\n<\/table>\n","protected":false},"featured_media":25177,"comment_status":"closed","ping_status":"closed","template":"","meta":{"_acf_changed":false},"product_brand":[],"product_cat":[648,111],"product_tag":[],"class_list":{"0":"post-7917","1":"product","2":"type-product","3":"status-publish","4":"has-post-thumbnail","6":"product_cat-haushaltsware","7":"product_cat-haushalt","9":"first","10":"instock","11":"shipping-taxable","12":"purchasable","13":"product-type-simple"},"acf":[],"_links":{"self":[{"href":"https:\/\/sakifood.com\/de\/wp-json\/wp\/v2\/product\/7917","targetHints":{"allow":["GET"]}}],"collection":[{"href":"https:\/\/sakifood.com\/de\/wp-json\/wp\/v2\/product"}],"about":[{"href":"https:\/\/sakifood.com\/de\/wp-json\/wp\/v2\/types\/product"}],"replies":[{"embeddable":true,"href":"https:\/\/sakifood.com\/de\/wp-json\/wp\/v2\/comments?post=7917"}],"version-history":[{"count":2,"href":"https:\/\/sakifood.com\/de\/wp-json\/wp\/v2\/product\/7917\/revisions"}],"predecessor-version":[{"id":25990,"href":"https:\/\/sakifood.com\/de\/wp-json\/wp\/v2\/product\/7917\/revisions\/25990"}],"wp:featuredmedia":[{"embeddable":true,"href":"https:\/\/sakifood.com\/de\/wp-json\/wp\/v2\/media\/25177"}],"wp:attachment":[{"href":"https:\/\/sakifood.com\/de\/wp-json\/wp\/v2\/media?parent=7917"}],"wp:term":[{"taxonomy":"product_brand","embeddable":true,"href":"https:\/\/sakifood.com\/de\/wp-json\/wp\/v2\/product_brand?post=7917"},{"taxonomy":"product_cat","embeddable":true,"href":"https:\/\/sakifood.com\/de\/wp-json\/wp\/v2\/product_cat?post=7917"},{"taxonomy":"product_tag","embeddable":true,"href":"https:\/\/sakifood.com\/de\/wp-json\/wp\/v2\/product_tag?post=7917"}],"curies":[{"name":"wp","href":"https:\/\/api.w.org\/{rel}","templated":true}]}}