{"id":9309,"date":"2020-11-10T15:58:10","date_gmt":"2020-11-10T14:58:59","guid":{"rendered":"https:\/\/saki-gmbh.com\/?post_type=product&#038;p=9309"},"modified":"2021-10-25T14:49:38","modified_gmt":"2021-10-25T12:49:38","slug":"nabat-weiss-khanum-khanuma-350g","status":"publish","type":"product","link":"https:\/\/sakifood.com\/de\/product\/nabat-weiss-khanum-khanuma-350g\/","title":{"rendered":"Nabat wei\u00df Khanum khanuma 350g"},"content":{"rendered":"<h3>Nabat wei\u00df Khanum khanuma 350g<\/h3>\n<p style=\"margin-top: 0in; background: white;\"><b><span lang=\"DE\" style=\"font-size: 11.5pt; font-family: 'Helvetica',sans-serif; color: #1e2840;\">Hier ist Naschen erlaubt \u2013 Die Vielfalt der S\u00fc\u00dfspeisen des Orients<\/span><\/b><\/p>\n<p style=\"margin-top: 0in; background: white;\"><span lang=\"DE\" style=\"font-size: 11.5pt; font-family: 'Helvetica',sans-serif; color: #1e2840;\">So reich der Tisch in der persischen Welt gedeckt wird, so reich ist auch die Auswahl an S\u00fc\u00dfspeisen und Geb\u00e4ck aus dem Orient. Dabei erstreckt sich das Angebot von getrockneten Obstsorten wie Wassermelone oder Ingwer bis hin zu traditionellen Keksen mit Waln\u00fcssen, Kokos oder Schokolade. Eine wirklich einzigartige S\u00fc\u00dfspeise ist die Lavashak-Paste, die Sie in unserem Shop ebenfalls in unterschiedlichen Geschmackssorten finden. Lavashak ist eine Obstpaste, die d\u00fcnn gerollt wird und etwas klebrig ist. Sie wird einfach in kleine St\u00fccke geteilt und zergeht dann auf der Zunge und entfaltet je nach Sorte einen s\u00fc\u00dfen bis s\u00fc\u00df-s\u00e4uerlichen Geschmack. Zudem bieten wir Ihnen zwei Spezialit\u00e4ten aus dem Persische. Zum einen das aus Esfahan stammende Gaz. Diese aus Zucker, Honig, Eischnee, Pistazien und Rosenwasser hergestellte S\u00fc\u00dfspeise wird in fingerdicke St\u00fccke geschnitten und serviert. Gaz hat eine sehr feste Konsistenz und wird unter anderem traditionell an Neujahr gegessen. Auch die Kornelkirschen-Paste k\u00f6nnen wir Ihnen nur w\u00e4rmstens empfehlen. Diese Paste ist lockerer als das Lavashak und \u00fcberzeugt durch seinen s\u00fc\u00df-s\u00e4uerlichen Geschmack. Einen Zubereitungstipp haben wir noch f\u00fcr unsere Datteln: Geben Sie einige davon in Ihr R\u00fchrei oder Omlett am Morgen. Die s\u00fc\u00dfe Beigabe schenkt Ihnen zus\u00e4tzliche Energie und ist in dieser Kombination ein sehr beliebtes Fr\u00fchst\u00fcck im persische.<\/span><\/p>\n","protected":false},"excerpt":{"rendered":"<p>Nabat wei\u00df Khanum khanuma 350g<\/p>\n","protected":false},"featured_media":9307,"comment_status":"closed","ping_status":"closed","template":"","meta":{"_acf_changed":false},"product_brand":[],"product_cat":[103],"product_tag":[],"class_list":{"0":"post-9309","1":"product","2":"type-product","3":"status-publish","4":"has-post-thumbnail","6":"product_cat-suesswaren","8":"first","9":"instock","10":"shipping-taxable","11":"purchasable","12":"product-type-simple"},"acf":[],"_links":{"self":[{"href":"https:\/\/sakifood.com\/de\/wp-json\/wp\/v2\/product\/9309","targetHints":{"allow":["GET"]}}],"collection":[{"href":"https:\/\/sakifood.com\/de\/wp-json\/wp\/v2\/product"}],"about":[{"href":"https:\/\/sakifood.com\/de\/wp-json\/wp\/v2\/types\/product"}],"replies":[{"embeddable":true,"href":"https:\/\/sakifood.com\/de\/wp-json\/wp\/v2\/comments?post=9309"}],"version-history":[{"count":0,"href":"https:\/\/sakifood.com\/de\/wp-json\/wp\/v2\/product\/9309\/revisions"}],"wp:featuredmedia":[{"embeddable":true,"href":"https:\/\/sakifood.com\/de\/wp-json\/wp\/v2\/media\/9307"}],"wp:attachment":[{"href":"https:\/\/sakifood.com\/de\/wp-json\/wp\/v2\/media?parent=9309"}],"wp:term":[{"taxonomy":"product_brand","embeddable":true,"href":"https:\/\/sakifood.com\/de\/wp-json\/wp\/v2\/product_brand?post=9309"},{"taxonomy":"product_cat","embeddable":true,"href":"https:\/\/sakifood.com\/de\/wp-json\/wp\/v2\/product_cat?post=9309"},{"taxonomy":"product_tag","embeddable":true,"href":"https:\/\/sakifood.com\/de\/wp-json\/wp\/v2\/product_tag?post=9309"}],"curies":[{"name":"wp","href":"https:\/\/api.w.org\/{rel}","templated":true}]}}