{"id":9333,"date":"2020-11-10T16:17:43","date_gmt":"2020-11-10T15:18:22","guid":{"rendered":"https:\/\/saki-gmbh.com\/?post_type=product&#038;p=9333"},"modified":"2021-10-25T14:44:58","modified_gmt":"2021-10-25T12:44:58","slug":"nabat-weiss-khanum-khanuma-700g","status":"publish","type":"product","link":"https:\/\/sakifood.com\/de\/product\/nabat-weiss-khanum-khanuma-700g\/","title":{"rendered":"Nabat wei\u00df Khanum khanuma 700g"},"content":{"rendered":"<h3>Nabat wei\u00df Khanum khanuma 700g<\/h3>\n<p>Saki Gmbh Lebensmittelgro\u00dfh\u00e4ndler in Deutschland<\/p>\n<p style=\"margin-top: 0in; background: white;\"><b><span lang=\"DE\" style=\"font-size: 11.5pt; font-family: 'Helvetica',sans-serif; color: #1e2840;\">S\u00fc\u00dfigkeiten, Geb\u00e4ck und saure Delikatessen aus dem Orient<\/span><\/b><\/p>\n<p style=\"margin-top: 0in; background: white;\"><span lang=\"DE\" style=\"font-size: 11.5pt; font-family: 'Helvetica',sans-serif; color: #1e2840;\">Der Orient ist nicht nur f\u00fcr seine schmackhafte K\u00fcche bekannt, sondern auch f\u00fcr seine einzigartigen S\u00fc\u00dfigkeiten und Geb\u00e4ck. Iraner sind wahre Naschkatzen, die Kekse, s\u00fc\u00df-saure Pasten und getrocknetes Obst mindestens so sehr lieben wie Spezialit\u00e4ten wie Gaz aus Esfahan. In unserem Shop bieten wir Ihnen eine Auswahl der beliebtesten S\u00fc\u00dfspeisen und Delikatessen, dass nicht nur ein orientalisches Herz schneller schlagen l\u00e4sst.<\/span><\/p>\n","protected":false},"excerpt":{"rendered":"<p>Nabat wei\u00df Khanum khanuma 700g<\/p>\n<p>Saki Gmbh Lebensmittelgro\u00dfh\u00e4ndler in Deutschland<\/p>\n","protected":false},"featured_media":9331,"comment_status":"closed","ping_status":"closed","template":"","meta":{"_acf_changed":false},"product_brand":[],"product_cat":[103],"product_tag":[],"class_list":{"0":"post-9333","1":"product","2":"type-product","3":"status-publish","4":"has-post-thumbnail","6":"product_cat-suesswaren","8":"first","9":"outofstock","10":"shipping-taxable","11":"purchasable","12":"product-type-simple"},"acf":[],"_links":{"self":[{"href":"https:\/\/sakifood.com\/de\/wp-json\/wp\/v2\/product\/9333","targetHints":{"allow":["GET"]}}],"collection":[{"href":"https:\/\/sakifood.com\/de\/wp-json\/wp\/v2\/product"}],"about":[{"href":"https:\/\/sakifood.com\/de\/wp-json\/wp\/v2\/types\/product"}],"replies":[{"embeddable":true,"href":"https:\/\/sakifood.com\/de\/wp-json\/wp\/v2\/comments?post=9333"}],"version-history":[{"count":0,"href":"https:\/\/sakifood.com\/de\/wp-json\/wp\/v2\/product\/9333\/revisions"}],"wp:featuredmedia":[{"embeddable":true,"href":"https:\/\/sakifood.com\/de\/wp-json\/wp\/v2\/media\/9331"}],"wp:attachment":[{"href":"https:\/\/sakifood.com\/de\/wp-json\/wp\/v2\/media?parent=9333"}],"wp:term":[{"taxonomy":"product_brand","embeddable":true,"href":"https:\/\/sakifood.com\/de\/wp-json\/wp\/v2\/product_brand?post=9333"},{"taxonomy":"product_cat","embeddable":true,"href":"https:\/\/sakifood.com\/de\/wp-json\/wp\/v2\/product_cat?post=9333"},{"taxonomy":"product_tag","embeddable":true,"href":"https:\/\/sakifood.com\/de\/wp-json\/wp\/v2\/product_tag?post=9333"}],"curies":[{"name":"wp","href":"https:\/\/api.w.org\/{rel}","templated":true}]}}